{"id":26875,"date":"2025-12-15T07:59:31","date_gmt":"2025-12-15T04:59:31","guid":{"rendered":"https:\/\/www.capsun-evia.com\/proprietes-residentielles-2\/"},"modified":"2026-04-22T06:56:33","modified_gmt":"2026-04-22T03:56:33","slug":"proprietes-residentielles-2","status":"publish","type":"page","link":"https:\/\/www.capsun-evia.com\/fr\/proprietes-residentielles-2\/","title":{"rendered":"Propri\u00e9t\u00e9s r\u00e9sidentielles"},"content":{"rendered":"","protected":false},"excerpt":{"rendered":"","protected":false},"author":1,"featured_media":0,"parent":0,"menu_order":0,"comment_status":"closed","ping_status":"closed","template":"template\/property-listings-map.php","meta":{"footnotes":""},"class_list":["post-26875","page","type-page","status-publish","hentry"],"yoast_head":"<!-- This site is optimized with the Yoast SEO plugin v27.5 - https:\/\/yoast.com\/product\/yoast-seo-wordpress\/ -->\n<title>Propri\u00e9t\u00e9s r\u00e9sidentielles \u00e0 vendre \u00e0 Evia<\/title>\n<meta name=\"description\" content=\"Que vous souhaitiez acheter une maison de luxe, une propri\u00e9t\u00e9 familiale spacieuse ou un appartement contemporain, Eub\u00e9e offre un large choix de biens immobiliers.\" \/>\n<meta name=\"robots\" content=\"index, follow, max-snippet:-1, max-image-preview:large, max-video-preview:-1\" \/>\n<link rel=\"canonical\" href=\"https:\/\/www.capsun-evia.com\/fr\/proprietes-residentielles-2\/\" \/>\n<meta property=\"og:locale\" content=\"fr_FR\" \/>\n<meta property=\"og:type\" content=\"article\" \/>\n<meta property=\"og:title\" content=\"Propri\u00e9t\u00e9s r\u00e9sidentielles \u00e0 vendre \u00e0 Evia\" \/>\n<meta property=\"og:description\" content=\"Que vous souhaitiez acheter une maison de luxe, une propri\u00e9t\u00e9 familiale spacieuse ou un appartement contemporain, Eub\u00e9e offre un large choix de biens immobiliers.\" \/>\n<meta property=\"og:url\" content=\"https:\/\/www.capsun-evia.com\/fr\/proprietes-residentielles-2\/\" \/>\n<meta property=\"og:site_name\" content=\"Cap Sun Evia, Real Estate in Evia\" \/>\n<meta property=\"article:publisher\" content=\"https:\/\/www.facebook.com\/CeciliaCapSun\" \/>\n<meta property=\"article:modified_time\" content=\"2026-04-22T03:56:33+00:00\" \/>\n<meta property=\"og:image\" content=\"https:\/\/www.capsun-evia.com\/wp-content\/uploads\/2023\/06\/cs-2023031-_-Pefki-maison-a-vendre-4.jpg\" \/>\n\t<meta property=\"og:image:width\" content=\"1440\" \/>\n\t<meta property=\"og:image:height\" content=\"648\" \/>\n\t<meta property=\"og:image:type\" content=\"image\/jpeg\" \/>\n<meta name=\"twitter:card\" content=\"summary_large_image\" \/>\n<script type=\"application\/ld+json\" class=\"yoast-schema-graph\">{\"@context\":\"https:\\\/\\\/schema.org\",\"@graph\":[{\"@type\":\"WebPage\",\"@id\":\"https:\\\/\\\/www.capsun-evia.com\\\/fr\\\/proprietes-residentielles-2\\\/\",\"url\":\"https:\\\/\\\/www.capsun-evia.com\\\/fr\\\/proprietes-residentielles-2\\\/\",\"name\":\"Propri\u00e9t\u00e9s r\u00e9sidentielles \u00e0 vendre \u00e0 Evia\",\"isPartOf\":{\"@id\":\"https:\\\/\\\/www.capsun-evia.com\\\/fr\\\/#website\"},\"datePublished\":\"2025-12-15T04:59:31+00:00\",\"dateModified\":\"2026-04-22T03:56:33+00:00\",\"description\":\"Que vous souhaitiez acheter une maison de luxe, une propri\u00e9t\u00e9 familiale spacieuse ou un appartement contemporain, Eub\u00e9e offre un large choix de biens immobiliers.\",\"breadcrumb\":{\"@id\":\"https:\\\/\\\/www.capsun-evia.com\\\/fr\\\/proprietes-residentielles-2\\\/#breadcrumb\"},\"inLanguage\":\"fr-FR\",\"potentialAction\":[{\"@type\":\"ReadAction\",\"target\":[\"https:\\\/\\\/www.capsun-evia.com\\\/fr\\\/proprietes-residentielles-2\\\/\"]}]},{\"@type\":\"BreadcrumbList\",\"@id\":\"https:\\\/\\\/www.capsun-evia.com\\\/fr\\\/proprietes-residentielles-2\\\/#breadcrumb\",\"itemListElement\":[{\"@type\":\"ListItem\",\"position\":1,\"name\":\"Home\",\"item\":\"https:\\\/\\\/www.capsun-evia.com\\\/fr\\\/capsun-evia\\\/\"},{\"@type\":\"ListItem\",\"position\":2,\"name\":\"Propri\u00e9t\u00e9s r\u00e9sidentielles\"}]},{\"@type\":\"WebSite\",\"@id\":\"https:\\\/\\\/www.capsun-evia.com\\\/fr\\\/#website\",\"url\":\"https:\\\/\\\/www.capsun-evia.com\\\/fr\\\/\",\"name\":\"CapSun Evia\",\"description\":\"Real Estate in Evia island.\",\"publisher\":{\"@id\":\"https:\\\/\\\/www.capsun-evia.com\\\/fr\\\/#organization\"},\"alternateName\":\"Cap'Sun Eretria\",\"potentialAction\":[{\"@type\":\"SearchAction\",\"target\":{\"@type\":\"EntryPoint\",\"urlTemplate\":\"https:\\\/\\\/www.capsun-evia.com\\\/fr\\\/?s={search_term_string}\"},\"query-input\":{\"@type\":\"PropertyValueSpecification\",\"valueRequired\":true,\"valueName\":\"search_term_string\"}}],\"inLanguage\":\"fr-FR\"},{\"@type\":\"Organization\",\"@id\":\"https:\\\/\\\/www.capsun-evia.com\\\/fr\\\/#organization\",\"name\":\"Cap'Sun Eretria\",\"alternateName\":\"Cap'Sun Eretria\",\"url\":\"https:\\\/\\\/www.capsun-evia.com\\\/fr\\\/\",\"logo\":{\"@type\":\"ImageObject\",\"inLanguage\":\"fr-FR\",\"@id\":\"https:\\\/\\\/www.capsun-evia.com\\\/fr\\\/#\\\/schema\\\/logo\\\/image\\\/\",\"url\":\"https:\\\/\\\/www.capsun-evia.com\\\/wp-content\\\/uploads\\\/2023\\\/06\\\/logo.jpg\",\"contentUrl\":\"https:\\\/\\\/www.capsun-evia.com\\\/wp-content\\\/uploads\\\/2023\\\/06\\\/logo.jpg\",\"width\":224,\"height\":222,\"caption\":\"Cap'Sun Eretria\"},\"image\":{\"@id\":\"https:\\\/\\\/www.capsun-evia.com\\\/fr\\\/#\\\/schema\\\/logo\\\/image\\\/\"},\"sameAs\":[\"https:\\\/\\\/www.facebook.com\\\/CeciliaCapSun\",\"https:\\\/\\\/www.instagram.com\\\/capsuneretria\\\/\"]}]}<\/script>\n<!-- \/ Yoast SEO plugin. -->","yoast_head_json":{"title":"Propri\u00e9t\u00e9s r\u00e9sidentielles \u00e0 vendre \u00e0 Evia","description":"Que vous souhaitiez acheter une maison de luxe, une propri\u00e9t\u00e9 familiale spacieuse ou un appartement contemporain, Eub\u00e9e offre un large choix de biens immobiliers.","robots":{"index":"index","follow":"follow","max-snippet":"max-snippet:-1","max-image-preview":"max-image-preview:large","max-video-preview":"max-video-preview:-1"},"canonical":"https:\/\/www.capsun-evia.com\/fr\/proprietes-residentielles-2\/","og_locale":"fr_FR","og_type":"article","og_title":"Propri\u00e9t\u00e9s r\u00e9sidentielles \u00e0 vendre \u00e0 Evia","og_description":"Que vous souhaitiez acheter une maison de luxe, une propri\u00e9t\u00e9 familiale spacieuse ou un appartement contemporain, Eub\u00e9e offre un large choix de biens immobiliers.","og_url":"https:\/\/www.capsun-evia.com\/fr\/proprietes-residentielles-2\/","og_site_name":"Cap Sun Evia, Real Estate in Evia","article_publisher":"https:\/\/www.facebook.com\/CeciliaCapSun","article_modified_time":"2026-04-22T03:56:33+00:00","og_image":[{"width":1440,"height":648,"url":"https:\/\/www.capsun-evia.com\/wp-content\/uploads\/2023\/06\/cs-2023031-_-Pefki-maison-a-vendre-4.jpg","type":"image\/jpeg"}],"twitter_card":"summary_large_image","schema":{"@context":"https:\/\/schema.org","@graph":[{"@type":"WebPage","@id":"https:\/\/www.capsun-evia.com\/fr\/proprietes-residentielles-2\/","url":"https:\/\/www.capsun-evia.com\/fr\/proprietes-residentielles-2\/","name":"Propri\u00e9t\u00e9s r\u00e9sidentielles \u00e0 vendre \u00e0 Evia","isPartOf":{"@id":"https:\/\/www.capsun-evia.com\/fr\/#website"},"datePublished":"2025-12-15T04:59:31+00:00","dateModified":"2026-04-22T03:56:33+00:00","description":"Que vous souhaitiez acheter une maison de luxe, une propri\u00e9t\u00e9 familiale spacieuse ou un appartement contemporain, Eub\u00e9e offre un large choix de biens immobiliers.","breadcrumb":{"@id":"https:\/\/www.capsun-evia.com\/fr\/proprietes-residentielles-2\/#breadcrumb"},"inLanguage":"fr-FR","potentialAction":[{"@type":"ReadAction","target":["https:\/\/www.capsun-evia.com\/fr\/proprietes-residentielles-2\/"]}]},{"@type":"BreadcrumbList","@id":"https:\/\/www.capsun-evia.com\/fr\/proprietes-residentielles-2\/#breadcrumb","itemListElement":[{"@type":"ListItem","position":1,"name":"Home","item":"https:\/\/www.capsun-evia.com\/fr\/capsun-evia\/"},{"@type":"ListItem","position":2,"name":"Propri\u00e9t\u00e9s r\u00e9sidentielles"}]},{"@type":"WebSite","@id":"https:\/\/www.capsun-evia.com\/fr\/#website","url":"https:\/\/www.capsun-evia.com\/fr\/","name":"CapSun Evia","description":"Real Estate in Evia island.","publisher":{"@id":"https:\/\/www.capsun-evia.com\/fr\/#organization"},"alternateName":"Cap'Sun Eretria","potentialAction":[{"@type":"SearchAction","target":{"@type":"EntryPoint","urlTemplate":"https:\/\/www.capsun-evia.com\/fr\/?s={search_term_string}"},"query-input":{"@type":"PropertyValueSpecification","valueRequired":true,"valueName":"search_term_string"}}],"inLanguage":"fr-FR"},{"@type":"Organization","@id":"https:\/\/www.capsun-evia.com\/fr\/#organization","name":"Cap'Sun Eretria","alternateName":"Cap'Sun Eretria","url":"https:\/\/www.capsun-evia.com\/fr\/","logo":{"@type":"ImageObject","inLanguage":"fr-FR","@id":"https:\/\/www.capsun-evia.com\/fr\/#\/schema\/logo\/image\/","url":"https:\/\/www.capsun-evia.com\/wp-content\/uploads\/2023\/06\/logo.jpg","contentUrl":"https:\/\/www.capsun-evia.com\/wp-content\/uploads\/2023\/06\/logo.jpg","width":224,"height":222,"caption":"Cap'Sun Eretria"},"image":{"@id":"https:\/\/www.capsun-evia.com\/fr\/#\/schema\/logo\/image\/"},"sameAs":["https:\/\/www.facebook.com\/CeciliaCapSun","https:\/\/www.instagram.com\/capsuneretria\/"]}]}},"_links":{"self":[{"href":"https:\/\/www.capsun-evia.com\/fr\/wp-json\/wp\/v2\/pages\/26875","targetHints":{"allow":["GET"]}}],"collection":[{"href":"https:\/\/www.capsun-evia.com\/fr\/wp-json\/wp\/v2\/pages"}],"about":[{"href":"https:\/\/www.capsun-evia.com\/fr\/wp-json\/wp\/v2\/types\/page"}],"author":[{"embeddable":true,"href":"https:\/\/www.capsun-evia.com\/fr\/wp-json\/wp\/v2\/users\/1"}],"replies":[{"embeddable":true,"href":"https:\/\/www.capsun-evia.com\/fr\/wp-json\/wp\/v2\/comments?post=26875"}],"version-history":[{"count":1,"href":"https:\/\/www.capsun-evia.com\/fr\/wp-json\/wp\/v2\/pages\/26875\/revisions"}],"predecessor-version":[{"id":28612,"href":"https:\/\/www.capsun-evia.com\/fr\/wp-json\/wp\/v2\/pages\/26875\/revisions\/28612"}],"wp:attachment":[{"href":"https:\/\/www.capsun-evia.com\/fr\/wp-json\/wp\/v2\/media?parent=26875"}],"curies":[{"name":"wp","href":"https:\/\/api.w.org\/{rel}","templated":true}]}}