{"id":26868,"date":"2025-12-16T05:18:04","date_gmt":"2025-12-16T02:18:04","guid":{"rendered":"https:\/\/www.capsun-evia.com\/renovation-construction-de-maisons\/"},"modified":"2026-04-22T06:48:51","modified_gmt":"2026-04-22T03:48:51","slug":"renovation-construction-de-maisons","status":"publish","type":"page","link":"https:\/\/www.capsun-evia.com\/fr\/renovation-construction-de-maisons\/","title":{"rendered":"R\u00e9novation\/Construction de maisons"},"content":{"rendered":"<body>\t\t<div data-elementor-type=\"wp-page\" data-elementor-id=\"26868\" class=\"elementor elementor-26868 elementor-26803\">\n\t\t\t\t<div class=\"elementor-element elementor-element-901bb0c e-flex e-con-boxed e-con e-parent\" data-id=\"901bb0c\" data-element_type=\"container\" data-e-type=\"container\">\n\t\t\t\t\t<div class=\"e-con-inner\">\n\t\t\t\t<div class=\"elementor-element elementor-element-e7fe629 elementor-widget elementor-widget-houzez_elementor_section_title\" data-id=\"e7fe629\" data-element_type=\"widget\" data-e-type=\"widget\" data-widget_type=\"houzez_elementor_section_title.default\">\n\t\t\t\t<div class=\"elementor-widget-container\">\n\t\t\t\t\t            <div class=\"houzez_section_title_wrap section-title-module\">\n                                    <h2 class=\"houzez_section_title\">Construisez la maison de vos r\u00eaves : construction et r\u00e9novation de maisons sur mesure<\/h2>\n                \n                                    <p class=\"houzez_section_subtitle\">Transformez le potentiel d'un terrain ou d'une structure existante en la maison de vos r\u00eaves, enti\u00e8rement personnalis\u00e9e. Nos services de construction sont con\u00e7us pour donner vie \u00e0 votre vision unique. De la conception d'int\u00e9rieurs sur mesure aux extensions complexes, nous vous offrons l'expertise n\u00e9cessaire pour construire ou r\u00e9nover la propri\u00e9t\u00e9 grecque id\u00e9ale.  <\/p>\n                            <\/div>\n            \t\t\t\t<\/div>\n\t\t\t\t<\/div>\n\t\t\t\t\t<\/div>\n\t\t\t\t<\/div>\n\t\t<div class=\"elementor-element elementor-element-b814b71 e-flex e-con-boxed e-con e-parent\" data-id=\"b814b71\" data-element_type=\"container\" data-e-type=\"container\">\n\t\t\t\t\t<div class=\"e-con-inner\">\n\t\t<div class=\"elementor-element elementor-element-5271efe e-con-full e-flex e-con e-child\" data-id=\"5271efe\" data-element_type=\"container\" data-e-type=\"container\">\n\t\t\t\t<div class=\"elementor-element elementor-element-eb3cfd6 elementor-widget elementor-widget-image\" data-id=\"eb3cfd6\" data-element_type=\"widget\" data-e-type=\"widget\" data-widget_type=\"image.default\">\n\t\t\t\t<div class=\"elementor-widget-container\">\n\t\t\t\t\t\t\t\t\t\t\t\t\t\t\t<img loading=\"lazy\" decoding=\"async\" width=\"300\" height=\"300\" src=\"https:\/\/www.capsun-evia.com\/wp-content\/uploads\/2025\/12\/swimming-pool.jpg\" class=\"attachment-medium size-medium wp-image-26808\" alt=\"Piscine\" srcset=\"\" loading=\"lazy\">\t\t\t\t\t\t\t\t\t\t\t\t\t\t\t<\/div>\n\t\t\t\t<\/div>\n\t\t\t\t<\/div>\n\t\t<div class=\"elementor-element elementor-element-10d6216 e-con-full e-flex e-con e-child\" data-id=\"10d6216\" data-element_type=\"container\" data-e-type=\"container\">\n\t\t\t\t<div class=\"elementor-element elementor-element-be8649b elementor-widget elementor-widget-heading\" data-id=\"be8649b\" data-element_type=\"widget\" data-e-type=\"widget\" data-widget_type=\"heading.default\">\n\t\t\t\t<div class=\"elementor-widget-container\">\n\t\t\t\t\t<h2 class=\"elementor-heading-title elementor-size-default\">Piscines et am\u00e9nagement paysager<\/h2>\t\t\t\t<\/div>\n\t\t\t\t<\/div>\n\t\t\t\t<div class=\"elementor-element elementor-element-c356803 elementor-widget elementor-widget-text-editor\" data-id=\"c356803\" data-element_type=\"widget\" data-e-type=\"widget\" data-widget_type=\"text-editor.default\">\n\t\t\t\t<div class=\"elementor-widget-container\">\n\t\t\t\t\t\t\t\t\t<p>Votre projet, sans tracas, \u00e0 distance<\/p><p>Vous r\u00eavez d\u2019une piscine ou d\u2019un espace ext\u00e9rieur parfaitement int\u00e9gr\u00e9 \u00e0 votre maison en Gr\u00e8ce ?<\/p><p>Nous vous guiderons \u00e0 chaque \u00e9tape.<\/p><p>Gr\u00e2ce \u00e0 notre r\u00e9seau de partenaires locaux de confiance, nous s\u00e9lectionnons pour vous les meilleures entreprises, comparons les devis et vous offrons des conseils transparents.<\/p><p>Que vous soyez sur l\u2019\u00eele ou non, nous veillons \u00e0 ce que le projet soit r\u00e9alis\u00e9 dans les d\u00e9lais impartis et selon les normes les plus \u00e9lev\u00e9es.<\/p><p>Un seul interlocuteur Francophone, une gestion locale experte et la tranquillit\u00e9 d\u2019esprit de suivre l\u2019avancement de votre projet, m\u00eame depuis la France.<\/p>\t\t\t\t\t\t\t\t<\/div>\n\t\t\t\t<\/div>\n\t\t\t\t<div class=\"elementor-element elementor-element-f2ec197 elementor-button-info elementor-widget elementor-widget-button\" data-id=\"f2ec197\" data-element_type=\"widget\" data-e-type=\"widget\" data-widget_type=\"button.default\">\n\t\t\t\t<div class=\"elementor-widget-container\">\n\t\t\t\t\t\t\t\t\t<div class=\"elementor-button-wrapper\">\n\t\t\t\t\t<a class=\"elementor-button elementor-button-link elementor-size-sm\" href=\"https:\/\/www.capsun-evia.com\/fr\/contact\/\">\n\t\t\t\t\t\t<span class=\"elementor-button-content-wrapper\">\n\t\t\t\t\t\t\t\t\t<span class=\"elementor-button-text\">Contactez-nous<\/span>\n\t\t\t\t\t<\/span>\n\t\t\t\t\t<\/a>\n\t\t\t\t<\/div>\n\t\t\t\t\t\t\t\t<\/div>\n\t\t\t\t<\/div>\n\t\t\t\t<\/div>\n\t\t\t\t\t<\/div>\n\t\t\t\t<\/div>\n\t\t<div class=\"elementor-element elementor-element-1208b2e e-flex e-con-boxed e-con e-parent\" data-id=\"1208b2e\" data-element_type=\"container\" data-e-type=\"container\">\n\t\t\t\t\t<div class=\"e-con-inner\">\n\t\t<div class=\"elementor-element elementor-element-a5db740 e-con-full e-flex e-con e-child\" data-id=\"a5db740\" data-element_type=\"container\" data-e-type=\"container\">\n\t\t\t\t<div class=\"elementor-element elementor-element-bd7229e elementor-widget elementor-widget-image\" data-id=\"bd7229e\" data-element_type=\"widget\" data-e-type=\"widget\" data-widget_type=\"image.default\">\n\t\t\t\t<div class=\"elementor-widget-container\">\n\t\t\t\t\t\t\t\t\t\t\t\t\t\t\t<img loading=\"lazy\" decoding=\"async\" width=\"300\" height=\"300\" src=\"https:\/\/www.capsun-evia.com\/wp-content\/uploads\/2025\/12\/landscaping.jpg\" class=\"attachment-medium size-medium wp-image-26811\" alt=\"Landscaping\" srcset=\"\" loading=\"lazy\">\t\t\t\t\t\t\t\t\t\t\t\t\t\t\t<\/div>\n\t\t\t\t<\/div>\n\t\t\t\t<\/div>\n\t\t<div class=\"elementor-element elementor-element-117cafc e-con-full e-flex e-con e-child\" data-id=\"117cafc\" data-element_type=\"container\" data-e-type=\"container\">\n\t\t\t\t<div class=\"elementor-element elementor-element-9efc93a elementor-widget elementor-widget-heading\" data-id=\"9efc93a\" data-element_type=\"widget\" data-e-type=\"widget\" data-widget_type=\"heading.default\">\n\t\t\t\t<div class=\"elementor-widget-container\">\n\t\t\t\t\t<h2 class=\"elementor-heading-title elementor-size-default\">Am\u00e9nagement paysager et jardins sur mesure<\/h2>\t\t\t\t<\/div>\n\t\t\t\t<\/div>\n\t\t\t\t<div class=\"elementor-element elementor-element-d59c71d elementor-widget elementor-widget-text-editor\" data-id=\"d59c71d\" data-element_type=\"widget\" data-e-type=\"widget\" data-widget_type=\"text-editor.default\">\n\t\t\t\t<div class=\"elementor-widget-container\">\n\t\t\t\t\t\t\t\t\t<p>Donnez vie \u00e0 votre espace ext\u00e9rieur<\/p><p>Transformez votre propri\u00e9t\u00e9 en un v\u00e9ritable style de vie m\u00e9diterran\u00e9en.<\/p><p>Pelouses, oliviers, arbres fruitiers, jardins fleuris ou am\u00e9nagements paysagers complets : chaque projet est con\u00e7u sur mesure.<\/p><p>Nous collaborons avec des paysagistes locaux exp\u00e9riment\u00e9s, s\u00e9lectionn\u00e9s pour leur expertise et leur connaissance du climat grec.<br>Apr\u00e8s avoir \u00e9tudi\u00e9 votre propri\u00e9t\u00e9 et vos attentes, nous vous pr\u00e9senterons plusieurs propositions adapt\u00e9es \u00e0 votre budget.<\/p><p>M\u00eame \u00e0 distance, vous resterez inform\u00e9 \u00e0 chaque \u00e9tape : photos, rapports d\u2019avancement et suivi m\u00e9ticuleux jusqu\u2019\u00e0 la livraison finale de votre jardin.<\/p>\t\t\t\t\t\t\t\t<\/div>\n\t\t\t\t<\/div>\n\t\t\t\t<div class=\"elementor-element elementor-element-fc573eb elementor-button-info elementor-widget elementor-widget-button\" data-id=\"fc573eb\" data-element_type=\"widget\" data-e-type=\"widget\" data-widget_type=\"button.default\">\n\t\t\t\t<div class=\"elementor-widget-container\">\n\t\t\t\t\t\t\t\t\t<div class=\"elementor-button-wrapper\">\n\t\t\t\t\t<a class=\"elementor-button elementor-button-link elementor-size-sm\" href=\"https:\/\/www.capsun-evia.com\/fr\/contact\/\">\n\t\t\t\t\t\t<span class=\"elementor-button-content-wrapper\">\n\t\t\t\t\t\t\t\t\t<span class=\"elementor-button-text\">Contactez-nous<\/span>\n\t\t\t\t\t<\/span>\n\t\t\t\t\t<\/a>\n\t\t\t\t<\/div>\n\t\t\t\t\t\t\t\t<\/div>\n\t\t\t\t<\/div>\n\t\t\t\t<\/div>\n\t\t\t\t\t<\/div>\n\t\t\t\t<\/div>\n\t\t<div class=\"elementor-element elementor-element-f2a3812 e-flex e-con-boxed e-con e-parent\" data-id=\"f2a3812\" data-element_type=\"container\" data-e-type=\"container\">\n\t\t\t\t\t<div class=\"e-con-inner\">\n\t\t<div class=\"elementor-element elementor-element-35f3e5c e-con-full e-flex e-con e-child\" data-id=\"35f3e5c\" data-element_type=\"container\" data-e-type=\"container\">\n\t\t\t\t<div class=\"elementor-element elementor-element-cac65da elementor-widget elementor-widget-image\" data-id=\"cac65da\" data-element_type=\"widget\" data-e-type=\"widget\" data-widget_type=\"image.default\">\n\t\t\t\t<div class=\"elementor-widget-container\">\n\t\t\t\t\t\t\t\t\t\t\t\t\t\t\t<img loading=\"lazy\" decoding=\"async\" width=\"300\" height=\"300\" src=\"https:\/\/www.capsun-evia.com\/wp-content\/uploads\/2025\/12\/kitchen.jpg\" class=\"attachment-medium size-medium wp-image-26814\" alt=\"Cuisine\" srcset=\"\" loading=\"lazy\">\t\t\t\t\t\t\t\t\t\t\t\t\t\t\t<\/div>\n\t\t\t\t<\/div>\n\t\t\t\t<\/div>\n\t\t<div class=\"elementor-element elementor-element-c1af0bf e-con-full e-flex e-con e-child\" data-id=\"c1af0bf\" data-element_type=\"container\" data-e-type=\"container\">\n\t\t\t\t<div class=\"elementor-element elementor-element-e2205d6 elementor-widget elementor-widget-heading\" data-id=\"e2205d6\" data-element_type=\"widget\" data-e-type=\"widget\" data-widget_type=\"heading.default\">\n\t\t\t\t<div class=\"elementor-widget-container\">\n\t\t\t\t\t<h2 class=\"elementor-heading-title elementor-size-default\">Design et am\u00e9nagement int\u00e9rieur<\/h2>\t\t\t\t<\/div>\n\t\t\t\t<\/div>\n\t\t\t\t<div class=\"elementor-element elementor-element-5e85b45 elementor-widget elementor-widget-text-editor\" data-id=\"5e85b45\" data-element_type=\"widget\" data-e-type=\"widget\" data-widget_type=\"text-editor.default\">\n\t\t\t\t<div class=\"elementor-widget-container\">\n\t\t\t\t\t\t\t\t\t<p>Un int\u00e9rieur cl\u00e9 en main qui refl\u00e8te votre style<\/p><p>Vous souhaitez embellir votre maison en Gr\u00e8ce ou l\u2019adapter en r\u00e9sidence secondaire ou en bien locatif ?<\/p><p>Nous vous accompagnerons tout au long du processus de conception et d\u2019am\u00e9nagement int\u00e9rieur, en collaboration avec des designers locaux.<\/p><p>De l\u2019optimisation de l\u2019espace au choix des mat\u00e9riaux, en passant par la cr\u00e9ation d\u2019une ambiance m\u00e9diterran\u00e9enne ou contemporaine, tout est con\u00e7u selon vos go\u00fbts et vos besoins.<br>Nous coordonnons tous les intervenants, suivons l\u2019avancement du projet et veillons \u00e0 ce qu\u2019il soit termin\u00e9 dans les d\u00e9lais, m\u00eame en votre absence.<\/p>\t\t\t\t\t\t\t\t<\/div>\n\t\t\t\t<\/div>\n\t\t\t\t<div class=\"elementor-element elementor-element-5c43403 elementor-button-info elementor-widget elementor-widget-button\" data-id=\"5c43403\" data-element_type=\"widget\" data-e-type=\"widget\" data-widget_type=\"button.default\">\n\t\t\t\t<div class=\"elementor-widget-container\">\n\t\t\t\t\t\t\t\t\t<div class=\"elementor-button-wrapper\">\n\t\t\t\t\t<a class=\"elementor-button elementor-button-link elementor-size-sm\" href=\"https:\/\/www.capsun-evia.com\/fr\/contact\/\">\n\t\t\t\t\t\t<span class=\"elementor-button-content-wrapper\">\n\t\t\t\t\t\t\t\t\t<span class=\"elementor-button-text\">Contactez-nous<\/span>\n\t\t\t\t\t<\/span>\n\t\t\t\t\t<\/a>\n\t\t\t\t<\/div>\n\t\t\t\t\t\t\t\t<\/div>\n\t\t\t\t<\/div>\n\t\t\t\t<\/div>\n\t\t\t\t\t<\/div>\n\t\t\t\t<\/div>\n\t\t\t\t<\/div>\n\t\t<\/body>","protected":false},"excerpt":{"rendered":"<p>Construisez la maison de vos r\u00eaves : construction et r\u00e9novation de maisons sur mesure Transformez le potentiel d&#8217;un terrain ou d&#8217;une structure existante en la maison de vos r\u00eaves, enti\u00e8rement personnalis\u00e9e. Nos services de construction sont con\u00e7us pour donner vie \u00e0 votre vision unique. De la conception d&#8217;int\u00e9rieurs sur mesure aux extensions complexes, nous vous [&hellip;]<\/p>\n","protected":false},"author":1,"featured_media":0,"parent":0,"menu_order":0,"comment_status":"closed","ping_status":"closed","template":"elementor_header_footer","meta":{"footnotes":""},"class_list":["post-26868","page","type-page","status-publish","hentry"],"yoast_head":"<!-- This site is optimized with the Yoast SEO plugin v27.5 - https:\/\/yoast.com\/product\/yoast-seo-wordpress\/ -->\n<title>R\u00e9novation et construction de la maison Evia<\/title>\n<meta name=\"description\" content=\"Construisez la maison de vos r\u00eaves : construction et r\u00e9novation de maisons sur mesure. Transformez un terrain ou une structure existante en la maison de vos r\u00eaves, enti\u00e8rement personnalis\u00e9e.\" \/>\n<meta name=\"robots\" content=\"index, follow, max-snippet:-1, max-image-preview:large, max-video-preview:-1\" \/>\n<link rel=\"canonical\" href=\"https:\/\/www.capsun-evia.com\/fr\/renovation-construction-de-maisons\/\" \/>\n<meta property=\"og:locale\" content=\"fr_FR\" \/>\n<meta property=\"og:type\" content=\"article\" \/>\n<meta property=\"og:title\" content=\"R\u00e9novation et construction de la maison Evia\" \/>\n<meta property=\"og:description\" content=\"Construisez la maison de vos r\u00eaves : construction et r\u00e9novation de maisons sur mesure. Transformez un terrain ou une structure existante en la maison de vos r\u00eaves, enti\u00e8rement personnalis\u00e9e.\" \/>\n<meta property=\"og:url\" content=\"https:\/\/www.capsun-evia.com\/fr\/renovation-construction-de-maisons\/\" \/>\n<meta property=\"og:site_name\" content=\"Cap Sun Evia, Real Estate in Evia\" \/>\n<meta property=\"article:publisher\" content=\"https:\/\/www.facebook.com\/CeciliaCapSun\" \/>\n<meta property=\"article:modified_time\" content=\"2026-04-22T03:48:51+00:00\" \/>\n<meta property=\"og:image\" content=\"https:\/\/www.capsun-evia.com\/wp-content\/uploads\/2025\/12\/swimming-pool.jpg\" \/>\n\t<meta property=\"og:image:width\" content=\"300\" \/>\n\t<meta property=\"og:image:height\" content=\"300\" \/>\n\t<meta property=\"og:image:type\" content=\"image\/jpeg\" \/>\n<meta name=\"twitter:card\" content=\"summary_large_image\" \/>\n<meta name=\"twitter:label1\" content=\"Dur\u00e9e de lecture estim\u00e9e\" \/>\n\t<meta name=\"twitter:data1\" content=\"2 minutes\" \/>\n<script type=\"application\/ld+json\" class=\"yoast-schema-graph\">{\"@context\":\"https:\\\/\\\/schema.org\",\"@graph\":[{\"@type\":\"WebPage\",\"@id\":\"https:\\\/\\\/www.capsun-evia.com\\\/fr\\\/renovation-construction-de-maisons\\\/\",\"url\":\"https:\\\/\\\/www.capsun-evia.com\\\/fr\\\/renovation-construction-de-maisons\\\/\",\"name\":\"R\u00e9novation et construction de la maison Evia\",\"isPartOf\":{\"@id\":\"https:\\\/\\\/www.capsun-evia.com\\\/fr\\\/#website\"},\"primaryImageOfPage\":{\"@id\":\"https:\\\/\\\/www.capsun-evia.com\\\/fr\\\/renovation-construction-de-maisons\\\/#primaryimage\"},\"image\":{\"@id\":\"https:\\\/\\\/www.capsun-evia.com\\\/fr\\\/renovation-construction-de-maisons\\\/#primaryimage\"},\"thumbnailUrl\":\"https:\\\/\\\/www.capsun-evia.com\\\/wp-content\\\/uploads\\\/2025\\\/12\\\/swimming-pool.jpg\",\"datePublished\":\"2025-12-16T02:18:04+00:00\",\"dateModified\":\"2026-04-22T03:48:51+00:00\",\"description\":\"Construisez la maison de vos r\u00eaves : construction et r\u00e9novation de maisons sur mesure. Transformez un terrain ou une structure existante en la maison de vos r\u00eaves, enti\u00e8rement personnalis\u00e9e.\",\"breadcrumb\":{\"@id\":\"https:\\\/\\\/www.capsun-evia.com\\\/fr\\\/renovation-construction-de-maisons\\\/#breadcrumb\"},\"inLanguage\":\"fr-FR\",\"potentialAction\":[{\"@type\":\"ReadAction\",\"target\":[\"https:\\\/\\\/www.capsun-evia.com\\\/fr\\\/renovation-construction-de-maisons\\\/\"]}]},{\"@type\":\"ImageObject\",\"inLanguage\":\"fr-FR\",\"@id\":\"https:\\\/\\\/www.capsun-evia.com\\\/fr\\\/renovation-construction-de-maisons\\\/#primaryimage\",\"url\":\"https:\\\/\\\/www.capsun-evia.com\\\/wp-content\\\/uploads\\\/2025\\\/12\\\/swimming-pool.jpg\",\"contentUrl\":\"https:\\\/\\\/www.capsun-evia.com\\\/wp-content\\\/uploads\\\/2025\\\/12\\\/swimming-pool.jpg\"},{\"@type\":\"BreadcrumbList\",\"@id\":\"https:\\\/\\\/www.capsun-evia.com\\\/fr\\\/renovation-construction-de-maisons\\\/#breadcrumb\",\"itemListElement\":[{\"@type\":\"ListItem\",\"position\":1,\"name\":\"Home\",\"item\":\"https:\\\/\\\/www.capsun-evia.com\\\/fr\\\/capsun-evia\\\/\"},{\"@type\":\"ListItem\",\"position\":2,\"name\":\"R\u00e9novation\\\/Construction de maisons\"}]},{\"@type\":\"WebSite\",\"@id\":\"https:\\\/\\\/www.capsun-evia.com\\\/fr\\\/#website\",\"url\":\"https:\\\/\\\/www.capsun-evia.com\\\/fr\\\/\",\"name\":\"CapSun Evia\",\"description\":\"Real Estate in Evia island.\",\"publisher\":{\"@id\":\"https:\\\/\\\/www.capsun-evia.com\\\/fr\\\/#organization\"},\"alternateName\":\"Cap'Sun Eretria\",\"potentialAction\":[{\"@type\":\"SearchAction\",\"target\":{\"@type\":\"EntryPoint\",\"urlTemplate\":\"https:\\\/\\\/www.capsun-evia.com\\\/fr\\\/?s={search_term_string}\"},\"query-input\":{\"@type\":\"PropertyValueSpecification\",\"valueRequired\":true,\"valueName\":\"search_term_string\"}}],\"inLanguage\":\"fr-FR\"},{\"@type\":\"Organization\",\"@id\":\"https:\\\/\\\/www.capsun-evia.com\\\/fr\\\/#organization\",\"name\":\"Cap'Sun Eretria\",\"alternateName\":\"Cap'Sun Eretria\",\"url\":\"https:\\\/\\\/www.capsun-evia.com\\\/fr\\\/\",\"logo\":{\"@type\":\"ImageObject\",\"inLanguage\":\"fr-FR\",\"@id\":\"https:\\\/\\\/www.capsun-evia.com\\\/fr\\\/#\\\/schema\\\/logo\\\/image\\\/\",\"url\":\"https:\\\/\\\/www.capsun-evia.com\\\/wp-content\\\/uploads\\\/2023\\\/06\\\/logo.jpg\",\"contentUrl\":\"https:\\\/\\\/www.capsun-evia.com\\\/wp-content\\\/uploads\\\/2023\\\/06\\\/logo.jpg\",\"width\":224,\"height\":222,\"caption\":\"Cap'Sun Eretria\"},\"image\":{\"@id\":\"https:\\\/\\\/www.capsun-evia.com\\\/fr\\\/#\\\/schema\\\/logo\\\/image\\\/\"},\"sameAs\":[\"https:\\\/\\\/www.facebook.com\\\/CeciliaCapSun\",\"https:\\\/\\\/www.instagram.com\\\/capsuneretria\\\/\"]}]}<\/script>\n<!-- \/ Yoast SEO plugin. -->","yoast_head_json":{"title":"R\u00e9novation et construction de la maison Evia","description":"Construisez la maison de vos r\u00eaves : construction et r\u00e9novation de maisons sur mesure. Transformez un terrain ou une structure existante en la maison de vos r\u00eaves, enti\u00e8rement personnalis\u00e9e.","robots":{"index":"index","follow":"follow","max-snippet":"max-snippet:-1","max-image-preview":"max-image-preview:large","max-video-preview":"max-video-preview:-1"},"canonical":"https:\/\/www.capsun-evia.com\/fr\/renovation-construction-de-maisons\/","og_locale":"fr_FR","og_type":"article","og_title":"R\u00e9novation et construction de la maison Evia","og_description":"Construisez la maison de vos r\u00eaves : construction et r\u00e9novation de maisons sur mesure. Transformez un terrain ou une structure existante en la maison de vos r\u00eaves, enti\u00e8rement personnalis\u00e9e.","og_url":"https:\/\/www.capsun-evia.com\/fr\/renovation-construction-de-maisons\/","og_site_name":"Cap Sun Evia, Real Estate in Evia","article_publisher":"https:\/\/www.facebook.com\/CeciliaCapSun","article_modified_time":"2026-04-22T03:48:51+00:00","og_image":[{"width":300,"height":300,"url":"https:\/\/www.capsun-evia.com\/wp-content\/uploads\/2025\/12\/swimming-pool.jpg","type":"image\/jpeg"}],"twitter_card":"summary_large_image","twitter_misc":{"Dur\u00e9e de lecture estim\u00e9e":"2 minutes"},"schema":{"@context":"https:\/\/schema.org","@graph":[{"@type":"WebPage","@id":"https:\/\/www.capsun-evia.com\/fr\/renovation-construction-de-maisons\/","url":"https:\/\/www.capsun-evia.com\/fr\/renovation-construction-de-maisons\/","name":"R\u00e9novation et construction de la maison Evia","isPartOf":{"@id":"https:\/\/www.capsun-evia.com\/fr\/#website"},"primaryImageOfPage":{"@id":"https:\/\/www.capsun-evia.com\/fr\/renovation-construction-de-maisons\/#primaryimage"},"image":{"@id":"https:\/\/www.capsun-evia.com\/fr\/renovation-construction-de-maisons\/#primaryimage"},"thumbnailUrl":"https:\/\/www.capsun-evia.com\/wp-content\/uploads\/2025\/12\/swimming-pool.jpg","datePublished":"2025-12-16T02:18:04+00:00","dateModified":"2026-04-22T03:48:51+00:00","description":"Construisez la maison de vos r\u00eaves : construction et r\u00e9novation de maisons sur mesure. Transformez un terrain ou une structure existante en la maison de vos r\u00eaves, enti\u00e8rement personnalis\u00e9e.","breadcrumb":{"@id":"https:\/\/www.capsun-evia.com\/fr\/renovation-construction-de-maisons\/#breadcrumb"},"inLanguage":"fr-FR","potentialAction":[{"@type":"ReadAction","target":["https:\/\/www.capsun-evia.com\/fr\/renovation-construction-de-maisons\/"]}]},{"@type":"ImageObject","inLanguage":"fr-FR","@id":"https:\/\/www.capsun-evia.com\/fr\/renovation-construction-de-maisons\/#primaryimage","url":"https:\/\/www.capsun-evia.com\/wp-content\/uploads\/2025\/12\/swimming-pool.jpg","contentUrl":"https:\/\/www.capsun-evia.com\/wp-content\/uploads\/2025\/12\/swimming-pool.jpg"},{"@type":"BreadcrumbList","@id":"https:\/\/www.capsun-evia.com\/fr\/renovation-construction-de-maisons\/#breadcrumb","itemListElement":[{"@type":"ListItem","position":1,"name":"Home","item":"https:\/\/www.capsun-evia.com\/fr\/capsun-evia\/"},{"@type":"ListItem","position":2,"name":"R\u00e9novation\/Construction de maisons"}]},{"@type":"WebSite","@id":"https:\/\/www.capsun-evia.com\/fr\/#website","url":"https:\/\/www.capsun-evia.com\/fr\/","name":"CapSun Evia","description":"Real Estate in Evia island.","publisher":{"@id":"https:\/\/www.capsun-evia.com\/fr\/#organization"},"alternateName":"Cap'Sun Eretria","potentialAction":[{"@type":"SearchAction","target":{"@type":"EntryPoint","urlTemplate":"https:\/\/www.capsun-evia.com\/fr\/?s={search_term_string}"},"query-input":{"@type":"PropertyValueSpecification","valueRequired":true,"valueName":"search_term_string"}}],"inLanguage":"fr-FR"},{"@type":"Organization","@id":"https:\/\/www.capsun-evia.com\/fr\/#organization","name":"Cap'Sun Eretria","alternateName":"Cap'Sun Eretria","url":"https:\/\/www.capsun-evia.com\/fr\/","logo":{"@type":"ImageObject","inLanguage":"fr-FR","@id":"https:\/\/www.capsun-evia.com\/fr\/#\/schema\/logo\/image\/","url":"https:\/\/www.capsun-evia.com\/wp-content\/uploads\/2023\/06\/logo.jpg","contentUrl":"https:\/\/www.capsun-evia.com\/wp-content\/uploads\/2023\/06\/logo.jpg","width":224,"height":222,"caption":"Cap'Sun Eretria"},"image":{"@id":"https:\/\/www.capsun-evia.com\/fr\/#\/schema\/logo\/image\/"},"sameAs":["https:\/\/www.facebook.com\/CeciliaCapSun","https:\/\/www.instagram.com\/capsuneretria\/"]}]}},"_links":{"self":[{"href":"https:\/\/www.capsun-evia.com\/fr\/wp-json\/wp\/v2\/pages\/26868","targetHints":{"allow":["GET"]}}],"collection":[{"href":"https:\/\/www.capsun-evia.com\/fr\/wp-json\/wp\/v2\/pages"}],"about":[{"href":"https:\/\/www.capsun-evia.com\/fr\/wp-json\/wp\/v2\/types\/page"}],"author":[{"embeddable":true,"href":"https:\/\/www.capsun-evia.com\/fr\/wp-json\/wp\/v2\/users\/1"}],"replies":[{"embeddable":true,"href":"https:\/\/www.capsun-evia.com\/fr\/wp-json\/wp\/v2\/comments?post=26868"}],"version-history":[{"count":3,"href":"https:\/\/www.capsun-evia.com\/fr\/wp-json\/wp\/v2\/pages\/26868\/revisions"}],"predecessor-version":[{"id":26880,"href":"https:\/\/www.capsun-evia.com\/fr\/wp-json\/wp\/v2\/pages\/26868\/revisions\/26880"}],"wp:attachment":[{"href":"https:\/\/www.capsun-evia.com\/fr\/wp-json\/wp\/v2\/media?parent=26868"}],"curies":[{"name":"wp","href":"https:\/\/api.w.org\/{rel}","templated":true}]}}