{"id":26790,"date":"2025-12-04T09:01:07","date_gmt":"2025-12-04T06:01:07","guid":{"rendered":"https:\/\/www.capsun-evia.com\/evaluation-de-votre-bien\/"},"modified":"2026-04-22T06:51:34","modified_gmt":"2026-04-22T03:51:34","slug":"evaluation-de-votre-bien","status":"publish","type":"page","link":"https:\/\/www.capsun-evia.com\/fr\/evaluation-de-votre-bien\/","title":{"rendered":"\u00e9valuation de votre bien"},"content":{"rendered":"<body>\t\t<div data-elementor-type=\"wp-page\" data-elementor-id=\"26790\" class=\"elementor elementor-26790 elementor-26453\">\n\t\t\t\t<div class=\"elementor-element elementor-element-a1a412f e-flex e-con-boxed e-con e-parent\" data-id=\"a1a412f\" data-element_type=\"container\" data-e-type=\"container\">\n\t\t\t\t\t<div class=\"e-con-inner\">\n\t\t\t\t<div class=\"elementor-element elementor-element-bd999bf elementor-widget elementor-widget-houzez_elementor_section_title\" data-id=\"bd999bf\" data-element_type=\"widget\" data-e-type=\"widget\" data-widget_type=\"houzez_elementor_section_title.default\">\n\t\t\t\t<div class=\"elementor-widget-container\">\n\t\t\t\t\t            <div class=\"houzez_section_title_wrap section-title-module\">\n                                    <h2 class=\"houzez_section_title\">\u00e9valuation de votre bien<\/h2>\n                \n                                    <p class=\"houzez_section_subtitle\">Remplissez le formulaire ci-dessous et l'un de nos agents vous contactera pour confirmer votre estimation de bien<\/p>\n                            <\/div>\n            \t\t\t\t<\/div>\n\t\t\t\t<\/div>\n\t\t\t\t<div class=\"elementor-element elementor-element-c840e75 elementor-button-align-stretch elementor-widget elementor-widget-houzez_elementor_contact_form\" data-id=\"c840e75\" data-element_type=\"widget\" data-e-type=\"widget\" data-widget_type=\"houzez_elementor_contact_form.default\">\n\t\t\t\t<div class=\"elementor-widget-container\">\n\t\t\t\t\t\n        <script type=\"application\/javascript\">\n            jQuery(document).bind(\"ready\", function () {\n                houzezValidateElementor(\"#houzez-form-c840e75\" );\n            });\n        <\/script>\n\n        <form class=\"elementor-form houzez-ele-form-js\" id=\"houzez-form-c840e75\" method=\"post\" name=\"Viste \u00e0 domicile\" action=\"https:\/\/www.capsun-evia.com\/wp-admin\/admin-ajax.php\">\n            <input type=\"hidden\" name=\"form_id\" value=\"c840e75\">\n            <input type=\"hidden\" name=\"houzez_contact_form\" value=\"yes\">\n            <input type=\"hidden\" name=\"action\" value=\"houzez_ele_contact_form\">\n            <input type=\"hidden\" name=\"source_link\" value=\"https:\/\/www.capsun-evia.com\/fr\/evaluation-de-votre-bien\/\">\n            <input type=\"hidden\" name=\"lead_page_id\" value=\"26790\">\n            <input type=\"hidden\" name=\"webhook\" value=\"false\">\n            <input type=\"hidden\" name=\"webhook_url\" value=\"\">\n            <input type=\"hidden\" name=\"redirect_to\" value=\"\">\n            <input type=\"hidden\" name=\"google_recaptcha\" value=\"false\">\n            \n\n            <div class=\"elementor-form-fields-wrapper elementor-labels-above\">\n\n                                    <div class=\"elementor-field-group elementor-column form-group elementor-field-group-name elementor-col-33\">\n                    <label for=\"form-field-name\" class=\"form-label elementor-field-label\">Pr\u00e9nom<\/label><input type=\"text\" name=\"first_name\" id=\"form-field-name\" class=\"elementor-field form-control elementor-size-sm elementor-field-textual\" placeholder=\"Pr\u00e9nom\" title=\"* Pr\u00e9nom\">                    <\/div>\n\n                                        <div class=\"elementor-field-group elementor-column form-group elementor-field-group-85dec76 elementor-col-33\">\n                    <label for=\"form-field-85dec76\" class=\"form-label elementor-field-label\">Nom de famille <\/label><input type=\"text\" name=\"last_name\" id=\"form-field-85dec76\" class=\"elementor-field form-control elementor-size-sm elementor-field-textual\" placeholder=\"Nom de famille \" title=\"* Nom de famille \">                    <\/div>\n\n                                        <div class=\"elementor-field-group elementor-column form-group elementor-field-group-email elementor-col-80 elementor-field-required\">\n                    <label for=\"form-field-email\" class=\"form-label elementor-field-label\">Courriel<\/label><input type=\"email\" name=\"email\" id=\"form-field-email\" class=\"elementor-field form-control elementor-size-sm elementor-field-textual\" placeholder=\"Courriel\" title=\"* Courriel\" required=\"required\">                    <\/div>\n\n                                        <div class=\"elementor-field-group elementor-column form-group elementor-field-group-bd3bfbb elementor-col-80\">\n                    <label for=\"form-field-bd3bfbb\" class=\"form-label elementor-field-label\">num\u00e9ro de t\u00e9l\u00e9phone <\/label><input type=\"text\" name=\"mobile\" id=\"form-field-bd3bfbb\" class=\"elementor-field form-control elementor-size-sm elementor-field-textual\" placeholder=\"num\u00e9ro de t\u00e9l\u00e9phone \" title=\"* num\u00e9ro de t\u00e9l\u00e9phone \">                    <\/div>\n\n                                        <div class=\"elementor-field-group elementor-column form-group elementor-field-group-952fb28 elementor-col-80\">\n                    <label for=\"form-field-952fb28\" class=\"form-label elementor-field-label\">Je cherche \u00e0 vendre ou \u00e0 louer.<\/label><textarea class=\"elementor-field-textual elementor-field elementor-size-sm\" name=\"message\" id=\"form-field-952fb28\" rows=\"1\" placeholder=\"Je cherche \u00e0 vendre ou \u00e0 louer.\"><\/textarea>                    <\/div>\n\n                                        <div class=\"elementor-field-group elementor-column form-group elementor-field-group-767fc91 elementor-col-80\">\n                    <label for=\"form-field-767fc91\" class=\"form-label elementor-field-label\">Adresse du bien<\/label><input type=\"text\" name=\"address\" id=\"form-field-767fc91\" class=\"elementor-field form-control elementor-size-sm elementor-field-textual\" placeholder=\"Adresse du bien\" title=\"* Adresse du bien\">                    <\/div>\n\n                                        <div class=\"elementor-field-group elementor-column form-group elementor-field-group-message elementor-col-80\">\n                    <label for=\"form-field-message\" class=\"form-label elementor-field-label\">Message<\/label><textarea class=\"elementor-field-textual elementor-field elementor-size-sm\" name=\"message\" id=\"form-field-message\" rows=\"4\" placeholder=\"Message\"><\/textarea>                    <\/div>\n\n                    \n                    \n                    \n                    \n                    <div class=\"elementor-field-group elementor-column elementor-field-type-submit elementor-col-80\">\n                    <button type=\"submit\" class=\"houzez-submit-button houzez-contact-form-js elementor-button elementor-size-sm\">\n                        <i class=\"houzez-loader-js houzez-hidden spinner-border spinner-border-sm\"><\/i>\n                                                    Soumettre                                            <\/button>\n                <\/div>\n            <\/div><!-- End wrapper-->\n            <br>\n            <div class=\"ele-form-messages\"><\/div>\n            <div class=\"error-container\"><\/div>\n\n        <\/form>\n\n    \t\t\t\t<\/div>\n\t\t\t\t<\/div>\n\t\t\t\t\t<\/div>\n\t\t\t\t<\/div>\n\t\t\t\t<\/div>\n\t\t<\/body>","protected":false},"excerpt":{"rendered":"<p>\u00e9valuation de votre bien Remplissez le formulaire ci-dessous et l&#8217;un de nos agents vous contactera pour confirmer votre estimation de bien Pr\u00e9nom Nom de famille Courriel num\u00e9ro de t\u00e9l\u00e9phone Je cherche \u00e0 vendre ou \u00e0 louer. Adresse du bien Message Soumettre<\/p>\n","protected":false},"author":1,"featured_media":0,"parent":0,"menu_order":0,"comment_status":"closed","ping_status":"closed","template":"elementor_header_footer","meta":{"footnotes":""},"class_list":["post-26790","page","type-page","status-publish","hentry"],"yoast_head":"<!-- This site is optimized with the Yoast SEO plugin v27.5 - https:\/\/yoast.com\/product\/yoast-seo-wordpress\/ -->\n<title>\u00c9valuation \u00e0 domicile Evia<\/title>\n<meta name=\"description\" content=\"\u00e9valuation de votre bien Remplissez le formulaire ci-dessous et l&#039;un de nos agents vous contactera pour confirmer votre estimation de bien Pr\u00e9nom Nom de\" \/>\n<meta name=\"robots\" content=\"index, follow, max-snippet:-1, max-image-preview:large, max-video-preview:-1\" \/>\n<link rel=\"canonical\" href=\"https:\/\/www.capsun-evia.com\/fr\/evaluation-de-votre-bien\/\" \/>\n<meta property=\"og:locale\" content=\"fr_FR\" \/>\n<meta property=\"og:type\" content=\"article\" \/>\n<meta property=\"og:title\" content=\"\u00c9valuation \u00e0 domicile Evia\" \/>\n<meta property=\"og:description\" content=\"\u00e9valuation de votre bien Remplissez le formulaire ci-dessous et l&#039;un de nos agents vous contactera pour confirmer votre estimation de bien Pr\u00e9nom Nom de\" \/>\n<meta property=\"og:url\" content=\"https:\/\/www.capsun-evia.com\/fr\/evaluation-de-votre-bien\/\" \/>\n<meta property=\"og:site_name\" content=\"Cap Sun Evia, Real Estate in Evia\" \/>\n<meta property=\"article:publisher\" content=\"https:\/\/www.facebook.com\/CeciliaCapSun\" \/>\n<meta property=\"article:modified_time\" content=\"2026-04-22T03:51:34+00:00\" \/>\n<meta property=\"og:image\" content=\"https:\/\/www.capsun-evia.com\/wp-content\/uploads\/2023\/06\/cs-2023031-_-Pefki-maison-a-vendre-4.jpg\" \/>\n\t<meta property=\"og:image:width\" content=\"1440\" \/>\n\t<meta property=\"og:image:height\" content=\"648\" \/>\n\t<meta property=\"og:image:type\" content=\"image\/jpeg\" \/>\n<meta name=\"twitter:card\" content=\"summary_large_image\" \/>\n<script type=\"application\/ld+json\" class=\"yoast-schema-graph\">{\"@context\":\"https:\\\/\\\/schema.org\",\"@graph\":[{\"@type\":\"WebPage\",\"@id\":\"https:\\\/\\\/www.capsun-evia.com\\\/fr\\\/evaluation-de-votre-bien\\\/\",\"url\":\"https:\\\/\\\/www.capsun-evia.com\\\/fr\\\/evaluation-de-votre-bien\\\/\",\"name\":\"\u00c9valuation \u00e0 domicile Evia\",\"isPartOf\":{\"@id\":\"https:\\\/\\\/www.capsun-evia.com\\\/fr\\\/#website\"},\"datePublished\":\"2025-12-04T06:01:07+00:00\",\"dateModified\":\"2026-04-22T03:51:34+00:00\",\"description\":\"\u00e9valuation de votre bien Remplissez le formulaire ci-dessous et l'un de nos agents vous contactera pour confirmer votre estimation de bien Pr\u00e9nom Nom de\",\"breadcrumb\":{\"@id\":\"https:\\\/\\\/www.capsun-evia.com\\\/fr\\\/evaluation-de-votre-bien\\\/#breadcrumb\"},\"inLanguage\":\"fr-FR\",\"potentialAction\":[{\"@type\":\"ReadAction\",\"target\":[\"https:\\\/\\\/www.capsun-evia.com\\\/fr\\\/evaluation-de-votre-bien\\\/\"]}]},{\"@type\":\"BreadcrumbList\",\"@id\":\"https:\\\/\\\/www.capsun-evia.com\\\/fr\\\/evaluation-de-votre-bien\\\/#breadcrumb\",\"itemListElement\":[{\"@type\":\"ListItem\",\"position\":1,\"name\":\"Home\",\"item\":\"https:\\\/\\\/www.capsun-evia.com\\\/fr\\\/capsun-evia\\\/\"},{\"@type\":\"ListItem\",\"position\":2,\"name\":\"\u00e9valuation de votre bien\"}]},{\"@type\":\"WebSite\",\"@id\":\"https:\\\/\\\/www.capsun-evia.com\\\/fr\\\/#website\",\"url\":\"https:\\\/\\\/www.capsun-evia.com\\\/fr\\\/\",\"name\":\"CapSun Evia\",\"description\":\"Real Estate in Evia island.\",\"publisher\":{\"@id\":\"https:\\\/\\\/www.capsun-evia.com\\\/fr\\\/#organization\"},\"alternateName\":\"Cap'Sun Eretria\",\"potentialAction\":[{\"@type\":\"SearchAction\",\"target\":{\"@type\":\"EntryPoint\",\"urlTemplate\":\"https:\\\/\\\/www.capsun-evia.com\\\/fr\\\/?s={search_term_string}\"},\"query-input\":{\"@type\":\"PropertyValueSpecification\",\"valueRequired\":true,\"valueName\":\"search_term_string\"}}],\"inLanguage\":\"fr-FR\"},{\"@type\":\"Organization\",\"@id\":\"https:\\\/\\\/www.capsun-evia.com\\\/fr\\\/#organization\",\"name\":\"Cap'Sun Eretria\",\"alternateName\":\"Cap'Sun Eretria\",\"url\":\"https:\\\/\\\/www.capsun-evia.com\\\/fr\\\/\",\"logo\":{\"@type\":\"ImageObject\",\"inLanguage\":\"fr-FR\",\"@id\":\"https:\\\/\\\/www.capsun-evia.com\\\/fr\\\/#\\\/schema\\\/logo\\\/image\\\/\",\"url\":\"https:\\\/\\\/www.capsun-evia.com\\\/wp-content\\\/uploads\\\/2023\\\/06\\\/logo.jpg\",\"contentUrl\":\"https:\\\/\\\/www.capsun-evia.com\\\/wp-content\\\/uploads\\\/2023\\\/06\\\/logo.jpg\",\"width\":224,\"height\":222,\"caption\":\"Cap'Sun Eretria\"},\"image\":{\"@id\":\"https:\\\/\\\/www.capsun-evia.com\\\/fr\\\/#\\\/schema\\\/logo\\\/image\\\/\"},\"sameAs\":[\"https:\\\/\\\/www.facebook.com\\\/CeciliaCapSun\",\"https:\\\/\\\/www.instagram.com\\\/capsuneretria\\\/\"]}]}<\/script>\n<!-- \/ Yoast SEO plugin. -->","yoast_head_json":{"title":"\u00c9valuation \u00e0 domicile Evia","description":"\u00e9valuation de votre bien Remplissez le formulaire ci-dessous et l'un de nos agents vous contactera pour confirmer votre estimation de bien Pr\u00e9nom Nom de","robots":{"index":"index","follow":"follow","max-snippet":"max-snippet:-1","max-image-preview":"max-image-preview:large","max-video-preview":"max-video-preview:-1"},"canonical":"https:\/\/www.capsun-evia.com\/fr\/evaluation-de-votre-bien\/","og_locale":"fr_FR","og_type":"article","og_title":"\u00c9valuation \u00e0 domicile Evia","og_description":"\u00e9valuation de votre bien Remplissez le formulaire ci-dessous et l'un de nos agents vous contactera pour confirmer votre estimation de bien Pr\u00e9nom Nom de","og_url":"https:\/\/www.capsun-evia.com\/fr\/evaluation-de-votre-bien\/","og_site_name":"Cap Sun Evia, Real Estate in Evia","article_publisher":"https:\/\/www.facebook.com\/CeciliaCapSun","article_modified_time":"2026-04-22T03:51:34+00:00","og_image":[{"width":1440,"height":648,"url":"https:\/\/www.capsun-evia.com\/wp-content\/uploads\/2023\/06\/cs-2023031-_-Pefki-maison-a-vendre-4.jpg","type":"image\/jpeg"}],"twitter_card":"summary_large_image","schema":{"@context":"https:\/\/schema.org","@graph":[{"@type":"WebPage","@id":"https:\/\/www.capsun-evia.com\/fr\/evaluation-de-votre-bien\/","url":"https:\/\/www.capsun-evia.com\/fr\/evaluation-de-votre-bien\/","name":"\u00c9valuation \u00e0 domicile Evia","isPartOf":{"@id":"https:\/\/www.capsun-evia.com\/fr\/#website"},"datePublished":"2025-12-04T06:01:07+00:00","dateModified":"2026-04-22T03:51:34+00:00","description":"\u00e9valuation de votre bien Remplissez le formulaire ci-dessous et l'un de nos agents vous contactera pour confirmer votre estimation de bien Pr\u00e9nom Nom de","breadcrumb":{"@id":"https:\/\/www.capsun-evia.com\/fr\/evaluation-de-votre-bien\/#breadcrumb"},"inLanguage":"fr-FR","potentialAction":[{"@type":"ReadAction","target":["https:\/\/www.capsun-evia.com\/fr\/evaluation-de-votre-bien\/"]}]},{"@type":"BreadcrumbList","@id":"https:\/\/www.capsun-evia.com\/fr\/evaluation-de-votre-bien\/#breadcrumb","itemListElement":[{"@type":"ListItem","position":1,"name":"Home","item":"https:\/\/www.capsun-evia.com\/fr\/capsun-evia\/"},{"@type":"ListItem","position":2,"name":"\u00e9valuation de votre bien"}]},{"@type":"WebSite","@id":"https:\/\/www.capsun-evia.com\/fr\/#website","url":"https:\/\/www.capsun-evia.com\/fr\/","name":"CapSun Evia","description":"Real Estate in Evia island.","publisher":{"@id":"https:\/\/www.capsun-evia.com\/fr\/#organization"},"alternateName":"Cap'Sun Eretria","potentialAction":[{"@type":"SearchAction","target":{"@type":"EntryPoint","urlTemplate":"https:\/\/www.capsun-evia.com\/fr\/?s={search_term_string}"},"query-input":{"@type":"PropertyValueSpecification","valueRequired":true,"valueName":"search_term_string"}}],"inLanguage":"fr-FR"},{"@type":"Organization","@id":"https:\/\/www.capsun-evia.com\/fr\/#organization","name":"Cap'Sun Eretria","alternateName":"Cap'Sun Eretria","url":"https:\/\/www.capsun-evia.com\/fr\/","logo":{"@type":"ImageObject","inLanguage":"fr-FR","@id":"https:\/\/www.capsun-evia.com\/fr\/#\/schema\/logo\/image\/","url":"https:\/\/www.capsun-evia.com\/wp-content\/uploads\/2023\/06\/logo.jpg","contentUrl":"https:\/\/www.capsun-evia.com\/wp-content\/uploads\/2023\/06\/logo.jpg","width":224,"height":222,"caption":"Cap'Sun Eretria"},"image":{"@id":"https:\/\/www.capsun-evia.com\/fr\/#\/schema\/logo\/image\/"},"sameAs":["https:\/\/www.facebook.com\/CeciliaCapSun","https:\/\/www.instagram.com\/capsuneretria\/"]}]}},"_links":{"self":[{"href":"https:\/\/www.capsun-evia.com\/fr\/wp-json\/wp\/v2\/pages\/26790","targetHints":{"allow":["GET"]}}],"collection":[{"href":"https:\/\/www.capsun-evia.com\/fr\/wp-json\/wp\/v2\/pages"}],"about":[{"href":"https:\/\/www.capsun-evia.com\/fr\/wp-json\/wp\/v2\/types\/page"}],"author":[{"embeddable":true,"href":"https:\/\/www.capsun-evia.com\/fr\/wp-json\/wp\/v2\/users\/1"}],"replies":[{"embeddable":true,"href":"https:\/\/www.capsun-evia.com\/fr\/wp-json\/wp\/v2\/comments?post=26790"}],"version-history":[{"count":5,"href":"https:\/\/www.capsun-evia.com\/fr\/wp-json\/wp\/v2\/pages\/26790\/revisions"}],"predecessor-version":[{"id":28611,"href":"https:\/\/www.capsun-evia.com\/fr\/wp-json\/wp\/v2\/pages\/26790\/revisions\/28611"}],"wp:attachment":[{"href":"https:\/\/www.capsun-evia.com\/fr\/wp-json\/wp\/v2\/media?parent=26790"}],"curies":[{"name":"wp","href":"https:\/\/api.w.org\/{rel}","templated":true}]}}