{"id":21515,"date":"2025-06-25T05:12:25","date_gmt":"2025-06-25T02:12:25","guid":{"rendered":"https:\/\/www.capsun-evia.com\/proprietes-residentielles\/"},"modified":"2025-11-29T12:37:30","modified_gmt":"2025-11-29T09:37:30","slug":"proprietes-residentielles","status":"publish","type":"page","link":"https:\/\/www.capsun-evia.com\/fr\/proprietes-residentielles\/","title":{"rendered":"Propri\u00e9t\u00e9s r\u00e9sidentielles"},"content":{"rendered":"","protected":false},"excerpt":{"rendered":"","protected":false},"author":1,"featured_media":0,"parent":0,"menu_order":0,"comment_status":"closed","ping_status":"closed","template":"template\/property-listings-map.php","meta":{"footnotes":""},"class_list":["post-21515","page","type-page","status-publish","hentry"],"yoast_head":"<!-- This site is optimized with the Yoast SEO plugin v27.6 - https:\/\/yoast.com\/product\/yoast-seo-wordpress\/ -->\n<title>Propri\u00e9t\u00e9s r\u00e9sidentielles<\/title>\n<meta name=\"robots\" content=\"index, follow, max-snippet:-1, max-image-preview:large, max-video-preview:-1\" \/>\n<link rel=\"canonical\" href=\"https:\/\/www.capsun-evia.com\/fr\/proprietes-residentielles\/\" \/>\n<meta property=\"og:locale\" content=\"fr_FR\" \/>\n<meta property=\"og:type\" content=\"article\" \/>\n<meta property=\"og:title\" content=\"Propri\u00e9t\u00e9s r\u00e9sidentielles\" \/>\n<meta property=\"og:url\" content=\"https:\/\/www.capsun-evia.com\/fr\/proprietes-residentielles\/\" \/>\n<meta property=\"og:site_name\" content=\"Cap Sun Evia, Real Estate in Evia\" \/>\n<meta property=\"article:publisher\" content=\"https:\/\/www.facebook.com\/CeciliaCapSun\" \/>\n<meta property=\"article:modified_time\" content=\"2025-11-29T09:37:30+00:00\" \/>\n<meta property=\"og:image\" content=\"https:\/\/i0.wp.com\/www.capsun-evia.com\/wp-content\/uploads\/2023\/07\/Cs-2023028-_-Amarynthos-Vue.jpg?fit=1320%2C990&ssl=1\" \/>\n\t<meta property=\"og:image:width\" content=\"1320\" \/>\n\t<meta property=\"og:image:height\" content=\"990\" \/>\n\t<meta property=\"og:image:type\" content=\"image\/jpeg\" \/>\n<meta name=\"twitter:card\" content=\"summary_large_image\" \/>\n<meta name=\"twitter:label1\" content=\"Dur\u00e9e de lecture estim\u00e9e\" \/>\n\t<meta name=\"twitter:data1\" content=\"1 minute\" \/>\n<script type=\"application\/ld+json\" class=\"yoast-schema-graph\">{\"@context\":\"https:\\\/\\\/schema.org\",\"@graph\":[{\"@type\":\"WebPage\",\"@id\":\"https:\\\/\\\/www.capsun-evia.com\\\/fr\\\/proprietes-residentielles\\\/\",\"url\":\"https:\\\/\\\/www.capsun-evia.com\\\/fr\\\/proprietes-residentielles\\\/\",\"name\":\"Propri\u00e9t\u00e9s r\u00e9sidentielles\",\"isPartOf\":{\"@id\":\"https:\\\/\\\/www.capsun-evia.com\\\/fr\\\/#website\"},\"datePublished\":\"2025-06-25T02:12:25+00:00\",\"dateModified\":\"2025-11-29T09:37:30+00:00\",\"breadcrumb\":{\"@id\":\"https:\\\/\\\/www.capsun-evia.com\\\/fr\\\/proprietes-residentielles\\\/#breadcrumb\"},\"inLanguage\":\"fr-FR\",\"potentialAction\":[{\"@type\":\"ReadAction\",\"target\":[\"https:\\\/\\\/www.capsun-evia.com\\\/fr\\\/proprietes-residentielles\\\/\"]}]},{\"@type\":\"BreadcrumbList\",\"@id\":\"https:\\\/\\\/www.capsun-evia.com\\\/fr\\\/proprietes-residentielles\\\/#breadcrumb\",\"itemListElement\":[{\"@type\":\"ListItem\",\"position\":1,\"name\":\"Home\",\"item\":\"https:\\\/\\\/www.capsun-evia.com\\\/fr\\\/capsun-evia\\\/\"},{\"@type\":\"ListItem\",\"position\":2,\"name\":\"Propri\u00e9t\u00e9s r\u00e9sidentielles\"}]},{\"@type\":\"WebSite\",\"@id\":\"https:\\\/\\\/www.capsun-evia.com\\\/fr\\\/#website\",\"url\":\"https:\\\/\\\/www.capsun-evia.com\\\/fr\\\/\",\"name\":\"CapSun Evia\",\"description\":\"Real Estate in Evia island.\",\"publisher\":{\"@id\":\"https:\\\/\\\/www.capsun-evia.com\\\/fr\\\/#organization\"},\"alternateName\":\"Cap'Sun Eretria\",\"potentialAction\":[{\"@type\":\"SearchAction\",\"target\":{\"@type\":\"EntryPoint\",\"urlTemplate\":\"https:\\\/\\\/www.capsun-evia.com\\\/fr\\\/?s={search_term_string}\"},\"query-input\":{\"@type\":\"PropertyValueSpecification\",\"valueRequired\":true,\"valueName\":\"search_term_string\"}}],\"inLanguage\":\"fr-FR\"},{\"@type\":\"Organization\",\"@id\":\"https:\\\/\\\/www.capsun-evia.com\\\/fr\\\/#organization\",\"name\":\"Cap'Sun Eretria\",\"alternateName\":\"Cap'Sun Eretria\",\"url\":\"https:\\\/\\\/www.capsun-evia.com\\\/fr\\\/\",\"logo\":{\"@type\":\"ImageObject\",\"inLanguage\":\"fr-FR\",\"@id\":\"https:\\\/\\\/www.capsun-evia.com\\\/fr\\\/#\\\/schema\\\/logo\\\/image\\\/\",\"url\":\"https:\\\/\\\/www.capsun-evia.com\\\/wp-content\\\/uploads\\\/2023\\\/06\\\/logo.jpg\",\"contentUrl\":\"https:\\\/\\\/www.capsun-evia.com\\\/wp-content\\\/uploads\\\/2023\\\/06\\\/logo.jpg\",\"width\":224,\"height\":222,\"caption\":\"Cap'Sun Eretria\"},\"image\":{\"@id\":\"https:\\\/\\\/www.capsun-evia.com\\\/fr\\\/#\\\/schema\\\/logo\\\/image\\\/\"},\"sameAs\":[\"https:\\\/\\\/www.facebook.com\\\/CeciliaCapSun\",\"https:\\\/\\\/www.instagram.com\\\/capsuneretria\\\/\"]}]}<\/script>\n<!-- \/ Yoast SEO plugin. -->","yoast_head_json":{"title":"Propri\u00e9t\u00e9s r\u00e9sidentielles","robots":{"index":"index","follow":"follow","max-snippet":"max-snippet:-1","max-image-preview":"max-image-preview:large","max-video-preview":"max-video-preview:-1"},"canonical":"https:\/\/www.capsun-evia.com\/fr\/proprietes-residentielles\/","og_locale":"fr_FR","og_type":"article","og_title":"Propri\u00e9t\u00e9s r\u00e9sidentielles","og_url":"https:\/\/www.capsun-evia.com\/fr\/proprietes-residentielles\/","og_site_name":"Cap Sun Evia, Real Estate in Evia","article_publisher":"https:\/\/www.facebook.com\/CeciliaCapSun","article_modified_time":"2025-11-29T09:37:30+00:00","og_image":[{"width":1320,"height":990,"url":"https:\/\/i0.wp.com\/www.capsun-evia.com\/wp-content\/uploads\/2023\/07\/Cs-2023028-_-Amarynthos-Vue.jpg?fit=1320%2C990&ssl=1","type":"image\/jpeg"}],"twitter_card":"summary_large_image","twitter_misc":{"Dur\u00e9e de lecture estim\u00e9e":"1 minute"},"schema":{"@context":"https:\/\/schema.org","@graph":[{"@type":"WebPage","@id":"https:\/\/www.capsun-evia.com\/fr\/proprietes-residentielles\/","url":"https:\/\/www.capsun-evia.com\/fr\/proprietes-residentielles\/","name":"Propri\u00e9t\u00e9s r\u00e9sidentielles","isPartOf":{"@id":"https:\/\/www.capsun-evia.com\/fr\/#website"},"datePublished":"2025-06-25T02:12:25+00:00","dateModified":"2025-11-29T09:37:30+00:00","breadcrumb":{"@id":"https:\/\/www.capsun-evia.com\/fr\/proprietes-residentielles\/#breadcrumb"},"inLanguage":"fr-FR","potentialAction":[{"@type":"ReadAction","target":["https:\/\/www.capsun-evia.com\/fr\/proprietes-residentielles\/"]}]},{"@type":"BreadcrumbList","@id":"https:\/\/www.capsun-evia.com\/fr\/proprietes-residentielles\/#breadcrumb","itemListElement":[{"@type":"ListItem","position":1,"name":"Home","item":"https:\/\/www.capsun-evia.com\/fr\/capsun-evia\/"},{"@type":"ListItem","position":2,"name":"Propri\u00e9t\u00e9s r\u00e9sidentielles"}]},{"@type":"WebSite","@id":"https:\/\/www.capsun-evia.com\/fr\/#website","url":"https:\/\/www.capsun-evia.com\/fr\/","name":"CapSun Evia","description":"Real Estate in Evia island.","publisher":{"@id":"https:\/\/www.capsun-evia.com\/fr\/#organization"},"alternateName":"Cap'Sun Eretria","potentialAction":[{"@type":"SearchAction","target":{"@type":"EntryPoint","urlTemplate":"https:\/\/www.capsun-evia.com\/fr\/?s={search_term_string}"},"query-input":{"@type":"PropertyValueSpecification","valueRequired":true,"valueName":"search_term_string"}}],"inLanguage":"fr-FR"},{"@type":"Organization","@id":"https:\/\/www.capsun-evia.com\/fr\/#organization","name":"Cap'Sun Eretria","alternateName":"Cap'Sun Eretria","url":"https:\/\/www.capsun-evia.com\/fr\/","logo":{"@type":"ImageObject","inLanguage":"fr-FR","@id":"https:\/\/www.capsun-evia.com\/fr\/#\/schema\/logo\/image\/","url":"https:\/\/www.capsun-evia.com\/wp-content\/uploads\/2023\/06\/logo.jpg","contentUrl":"https:\/\/www.capsun-evia.com\/wp-content\/uploads\/2023\/06\/logo.jpg","width":224,"height":222,"caption":"Cap'Sun Eretria"},"image":{"@id":"https:\/\/www.capsun-evia.com\/fr\/#\/schema\/logo\/image\/"},"sameAs":["https:\/\/www.facebook.com\/CeciliaCapSun","https:\/\/www.instagram.com\/capsuneretria\/"]}]}},"_links":{"self":[{"href":"https:\/\/www.capsun-evia.com\/fr\/wp-json\/wp\/v2\/pages\/21515","targetHints":{"allow":["GET"]}}],"collection":[{"href":"https:\/\/www.capsun-evia.com\/fr\/wp-json\/wp\/v2\/pages"}],"about":[{"href":"https:\/\/www.capsun-evia.com\/fr\/wp-json\/wp\/v2\/types\/page"}],"author":[{"embeddable":true,"href":"https:\/\/www.capsun-evia.com\/fr\/wp-json\/wp\/v2\/users\/1"}],"replies":[{"embeddable":true,"href":"https:\/\/www.capsun-evia.com\/fr\/wp-json\/wp\/v2\/comments?post=21515"}],"version-history":[{"count":1,"href":"https:\/\/www.capsun-evia.com\/fr\/wp-json\/wp\/v2\/pages\/21515\/revisions"}],"predecessor-version":[{"id":21905,"href":"https:\/\/www.capsun-evia.com\/fr\/wp-json\/wp\/v2\/pages\/21515\/revisions\/21905"}],"wp:attachment":[{"href":"https:\/\/www.capsun-evia.com\/fr\/wp-json\/wp\/v2\/media?parent=21515"}],"curies":[{"name":"wp","href":"https:\/\/api.w.org\/{rel}","templated":true}]}}