{"id":21491,"date":"2016-02-29T10:01:28","date_gmt":"2016-02-29T07:01:28","guid":{"rendered":"https:\/\/www.capsun-evia.com\/page\/"},"modified":"2025-03-10T06:35:44","modified_gmt":"2025-03-10T03:35:44","slug":"page","status":"publish","type":"page","link":"https:\/\/www.capsun-evia.com\/fr\/page\/","title":{"rendered":"Page"},"content":{"rendered":"<body><div class=\"box\">\n<h3>Le passage standard Lorem Ipsum, utilis\u00e9 depuis les ann\u00e9es 1500<\/h3>\n<p>\u201cLorem ipsum dolor sit amet, consectetur adipiscing elit, sed do eiusmod tempor incidunt ut labore et dolore magna aliqua. Ut enim ad minim veniam, quis nostrud exercitation ullamco laboris nisi ut aliquip ex ea commodo consequat. Duis aute irure dolor in reprehenderit in voluptate velit esse cillum dolore eu fugiat nulla pariatur. Excepteur sint occaecat cupidatat non proident, sunt in culpa qui officia deserunt mollit anim id est laborum\u201d.<\/p>\n<h3>Section 1.10.32 du \u201cde Finibus Bonorum et Malorum\u201d, \u00e9crit par Cic\u00e9ron en 45 av.<\/h3>\n<p>\u201cSed ut perspiciatis unde omnis iste natus error sit voluptatem accusantium doloremque laudantium, totam rem aperiam, eaque ipsa quae ab illo inventore veritatis et quasi architecto beatae vitae dicta sunt explicabo. Nemo enim ipsam voluptatem quia voluptas sit aspernatur aut odit aut fugit, sed quia consequuntur magni dolores eos qui ratione voluptatem sequi nesciunt. Neque porro quisquam est, qui dolorem ipsum quia dolor sit amet, consectetur, adipisci velit, sed quia non numquam eius modi tempora incidunt ut labore et dolore magnam aliquam quaerat voluptatem. Ut enim ad minima veniam, quis nostrum exercitationem ullam corporis suscipit laboriosam, nisi ut aliquid ex ea commodi consequatur ? Quis autem vel eum iure reprehenderit qui in ea voluptate velit esse quam nihil molestiae consequatur, vel illum qui dolorem eum fugiat quo voluptas nulla pariatur ?\u201d<\/p>\n<h3>1914 traduction par H. Rackham<\/h3>\n<p>\u201cMais je dois vous expliquer comment est n\u00e9e cette id\u00e9e erron\u00e9e de d\u00e9noncer le plaisir et de faire l\u2019\u00e9loge de la douleur, et je vais vous faire un expos\u00e9 complet du syst\u00e8me, en vous exposant les enseignements r\u00e9els du grand explorateur de la v\u00e9rit\u00e9, le ma\u00eetre d\u2019\u0153uvre du bonheur humain. Personne ne rejette, n\u2019aime ou n\u2019\u00e9vite le plaisir lui-m\u00eame, parce qu\u2019il est plaisir, mais parce que ceux qui ne savent pas poursuivre rationnellement le plaisir rencontrent des cons\u00e9quences extr\u00eamement douloureuses. De m\u00eame, personne n\u2019aime, ne poursuit ou ne d\u00e9sire obtenir la douleur en soi, parce qu\u2019elle est douleur, mais parce qu\u2019il se produit parfois des circonstances dans lesquelles le labeur et la douleur peuvent lui procurer un grand plaisir. Pour prendre un exemple trivial, lequel d\u2019entre nous entreprend jamais un exercice physique laborieux, si ce n\u2019est pour en tirer quelque avantage ? Mais qui a le droit de bl\u00e2mer un homme qui choisit de jouir d\u2019un plaisir qui n\u2019a pas de cons\u00e9quences f\u00e2cheuses, ou un homme qui \u00e9vite une douleur qui ne produit pas de plaisir en retour ?<\/p>\n<h3>Section 1.10.33 du \u201cde Finibus Bonorum et Malorum\u201d, \u00e9crit par Cic\u00e9ron en 45 av.<\/h3>\n<p>\u201cAt vero eos et accusamus et iusto odio dignissimos ducimus qui blanditiis praesentium voluptatum deleniti atque corrupti quos dolores et quas molestias excepturi sint occaecati cupiditate non provident, similique sunt in culpa qui officia deserunt mollitia animi, id est laborum et dolorum fuga. Et harum quidem rerum facilis est et expedita distinctio. Nam libero tempore, cum soluta nobis est eligendi optio cumque nihil impedit quo minus id quod maxime placeat facere possimus, omnis voluptas assumenda est, omnis dolor repellendus. Temporibus autem quibusdam et aut officiis debitis aut rerum necessitatibus saepe eveniet ut et voluptates repudiandae sint et molestiae non recusandae. Itaque earum rerum hic tenetur a sapiente delectus, ut aut reiciendis voluptatibus maiores alias consequatur aut perferendis doloribus asperiores repellat.\u201d<\/p>\n<h3>1914 traduction par H. Rackham<\/h3>\n<p>\u201cD\u2019autre part, nous d\u00e9non\u00e7ons avec une juste indignation et de l\u2019aversion les hommes qui sont tellement s\u00e9duits et d\u00e9moralis\u00e9s par les charmes du plaisir du moment, tellement aveugl\u00e9s par le d\u00e9sir, qu\u2019ils ne peuvent pas pr\u00e9voir la douleur et les ennuis qui s\u2019ensuivent in\u00e9vitablement ; et un bl\u00e2me \u00e9gal appartient \u00e0 ceux qui manquent \u00e0 leur devoir par faiblesse de volont\u00e9, ce qui est la m\u00eame chose que de dire par crainte du labeur et de la douleur. Ces cas sont parfaitement simples et faciles \u00e0 distinguer. \u00c0 l\u2019heure de la libert\u00e9, lorsque notre pouvoir de choisir est libre et que rien ne nous emp\u00eache de faire ce que nous aimons le mieux, tout plaisir doit \u00eatre accueilli et toute douleur \u00e9vit\u00e9e. Mais dans certaines circonstances et en raison des exigences du devoir ou des obligations professionnelles, il arrive fr\u00e9quemment que l\u2019on doive renoncer \u00e0 des plaisirs et accepter des d\u00e9sagr\u00e9ments. Le sage s\u2019en tient donc toujours, en ces mati\u00e8res, \u00e0 ce principe de s\u00e9lection : il rejette des plaisirs pour s\u2019assurer d\u2019autres plaisirs plus grands, ou bien il supporte des peines pour \u00e9viter des peines plus grandes.\u201d<\/p>\n<\/div>\n<\/body>","protected":false},"excerpt":{"rendered":"<p>Le passage standard Lorem Ipsum, utilis\u00e9 depuis les ann\u00e9es 1500 \u201cLorem ipsum dolor sit amet, consectetur adipiscing elit, sed do eiusmod tempor incidunt ut labore et dolore magna aliqua. Ut enim ad minim veniam, quis nostrud exercitation ullamco laboris nisi ut aliquip ex ea commodo consequat. Duis aute irure dolor in reprehenderit in voluptate velit [&hellip;]<\/p>\n","protected":false},"author":1,"featured_media":0,"parent":0,"menu_order":0,"comment_status":"closed","ping_status":"closed","template":"","meta":{"footnotes":""},"class_list":["post-21491","page","type-page","status-publish","hentry"],"yoast_head":"<!-- This site is optimized with the Yoast SEO plugin v27.4 - https:\/\/yoast.com\/product\/yoast-seo-wordpress\/ -->\n<title>Page<\/title>\n<meta name=\"description\" content=\"Le passage standard Lorem Ipsum, utilis\u00e9 depuis les ann\u00e9es 1500 &quot;Lorem ipsum dolor sit amet, consectetur adipiscing elit, sed do eiusmod tempor incidunt\" \/>\n<meta name=\"robots\" content=\"index, follow, max-snippet:-1, max-image-preview:large, max-video-preview:-1\" \/>\n<link rel=\"canonical\" href=\"https:\/\/www.capsun-evia.com\/fr\/page\/\" \/>\n<meta property=\"og:locale\" content=\"fr_FR\" \/>\n<meta property=\"og:type\" content=\"article\" \/>\n<meta property=\"og:title\" content=\"Page\" \/>\n<meta property=\"og:description\" content=\"Le passage standard Lorem Ipsum, utilis\u00e9 depuis les ann\u00e9es 1500 &quot;Lorem ipsum dolor sit amet, consectetur adipiscing elit, sed do eiusmod tempor incidunt\" \/>\n<meta property=\"og:url\" content=\"https:\/\/www.capsun-evia.com\/fr\/page\/\" \/>\n<meta property=\"og:site_name\" content=\"Cap Sun Evia, Real Estate in Evia\" \/>\n<meta property=\"article:publisher\" content=\"https:\/\/www.facebook.com\/CeciliaCapSun\" \/>\n<meta property=\"article:modified_time\" content=\"2025-03-10T03:35:44+00:00\" \/>\n<meta property=\"og:image\" content=\"https:\/\/www.capsun-evia.com\/wp-content\/uploads\/2023\/06\/cs-2023031-_-Pefki-maison-a-vendre-4.jpg\" \/>\n\t<meta property=\"og:image:width\" content=\"1440\" \/>\n\t<meta property=\"og:image:height\" content=\"648\" \/>\n\t<meta property=\"og:image:type\" content=\"image\/jpeg\" \/>\n<meta name=\"twitter:card\" content=\"summary_large_image\" \/>\n<meta name=\"twitter:label1\" content=\"Dur\u00e9e de lecture estim\u00e9e\" \/>\n\t<meta name=\"twitter:data1\" content=\"4 minutes\" \/>\n<script type=\"application\/ld+json\" class=\"yoast-schema-graph\">{\"@context\":\"https:\\\/\\\/schema.org\",\"@graph\":[{\"@type\":\"WebPage\",\"@id\":\"https:\\\/\\\/www.capsun-evia.com\\\/fr\\\/page\\\/\",\"url\":\"https:\\\/\\\/www.capsun-evia.com\\\/fr\\\/page\\\/\",\"name\":\"Page\",\"isPartOf\":{\"@id\":\"https:\\\/\\\/www.capsun-evia.com\\\/fr\\\/#website\"},\"datePublished\":\"2016-02-29T07:01:28+00:00\",\"dateModified\":\"2025-03-10T03:35:44+00:00\",\"description\":\"Le passage standard Lorem Ipsum, utilis\u00e9 depuis les ann\u00e9es 1500 \\\"Lorem ipsum dolor sit amet, consectetur adipiscing elit, sed do eiusmod tempor incidunt\",\"breadcrumb\":{\"@id\":\"https:\\\/\\\/www.capsun-evia.com\\\/fr\\\/page\\\/#breadcrumb\"},\"inLanguage\":\"fr-FR\",\"potentialAction\":[{\"@type\":\"ReadAction\",\"target\":[\"https:\\\/\\\/www.capsun-evia.com\\\/fr\\\/page\\\/\"]}]},{\"@type\":\"BreadcrumbList\",\"@id\":\"https:\\\/\\\/www.capsun-evia.com\\\/fr\\\/page\\\/#breadcrumb\",\"itemListElement\":[{\"@type\":\"ListItem\",\"position\":1,\"name\":\"Home\",\"item\":\"https:\\\/\\\/www.capsun-evia.com\\\/fr\\\/capsun-evia\\\/\"},{\"@type\":\"ListItem\",\"position\":2,\"name\":\"Page\"}]},{\"@type\":\"WebSite\",\"@id\":\"https:\\\/\\\/www.capsun-evia.com\\\/fr\\\/#website\",\"url\":\"https:\\\/\\\/www.capsun-evia.com\\\/fr\\\/\",\"name\":\"CapSun Evia\",\"description\":\"Real Estate in Evia island.\",\"publisher\":{\"@id\":\"https:\\\/\\\/www.capsun-evia.com\\\/fr\\\/#organization\"},\"alternateName\":\"Cap'Sun Eretria\",\"potentialAction\":[{\"@type\":\"SearchAction\",\"target\":{\"@type\":\"EntryPoint\",\"urlTemplate\":\"https:\\\/\\\/www.capsun-evia.com\\\/fr\\\/?s={search_term_string}\"},\"query-input\":{\"@type\":\"PropertyValueSpecification\",\"valueRequired\":true,\"valueName\":\"search_term_string\"}}],\"inLanguage\":\"fr-FR\"},{\"@type\":\"Organization\",\"@id\":\"https:\\\/\\\/www.capsun-evia.com\\\/fr\\\/#organization\",\"name\":\"Cap'Sun Eretria\",\"alternateName\":\"Cap'Sun Eretria\",\"url\":\"https:\\\/\\\/www.capsun-evia.com\\\/fr\\\/\",\"logo\":{\"@type\":\"ImageObject\",\"inLanguage\":\"fr-FR\",\"@id\":\"https:\\\/\\\/www.capsun-evia.com\\\/fr\\\/#\\\/schema\\\/logo\\\/image\\\/\",\"url\":\"https:\\\/\\\/www.capsun-evia.com\\\/wp-content\\\/uploads\\\/2023\\\/06\\\/logo.jpg\",\"contentUrl\":\"https:\\\/\\\/www.capsun-evia.com\\\/wp-content\\\/uploads\\\/2023\\\/06\\\/logo.jpg\",\"width\":224,\"height\":222,\"caption\":\"Cap'Sun Eretria\"},\"image\":{\"@id\":\"https:\\\/\\\/www.capsun-evia.com\\\/fr\\\/#\\\/schema\\\/logo\\\/image\\\/\"},\"sameAs\":[\"https:\\\/\\\/www.facebook.com\\\/CeciliaCapSun\",\"https:\\\/\\\/www.instagram.com\\\/capsuneretria\\\/\"]}]}<\/script>\n<!-- \/ Yoast SEO plugin. -->","yoast_head_json":{"title":"Page","description":"Le passage standard Lorem Ipsum, utilis\u00e9 depuis les ann\u00e9es 1500 \"Lorem ipsum dolor sit amet, consectetur adipiscing elit, sed do eiusmod tempor incidunt","robots":{"index":"index","follow":"follow","max-snippet":"max-snippet:-1","max-image-preview":"max-image-preview:large","max-video-preview":"max-video-preview:-1"},"canonical":"https:\/\/www.capsun-evia.com\/fr\/page\/","og_locale":"fr_FR","og_type":"article","og_title":"Page","og_description":"Le passage standard Lorem Ipsum, utilis\u00e9 depuis les ann\u00e9es 1500 \"Lorem ipsum dolor sit amet, consectetur adipiscing elit, sed do eiusmod tempor incidunt","og_url":"https:\/\/www.capsun-evia.com\/fr\/page\/","og_site_name":"Cap Sun Evia, Real Estate in Evia","article_publisher":"https:\/\/www.facebook.com\/CeciliaCapSun","article_modified_time":"2025-03-10T03:35:44+00:00","og_image":[{"width":1440,"height":648,"url":"https:\/\/www.capsun-evia.com\/wp-content\/uploads\/2023\/06\/cs-2023031-_-Pefki-maison-a-vendre-4.jpg","type":"image\/jpeg"}],"twitter_card":"summary_large_image","twitter_misc":{"Dur\u00e9e de lecture estim\u00e9e":"4 minutes"},"schema":{"@context":"https:\/\/schema.org","@graph":[{"@type":"WebPage","@id":"https:\/\/www.capsun-evia.com\/fr\/page\/","url":"https:\/\/www.capsun-evia.com\/fr\/page\/","name":"Page","isPartOf":{"@id":"https:\/\/www.capsun-evia.com\/fr\/#website"},"datePublished":"2016-02-29T07:01:28+00:00","dateModified":"2025-03-10T03:35:44+00:00","description":"Le passage standard Lorem Ipsum, utilis\u00e9 depuis les ann\u00e9es 1500 \"Lorem ipsum dolor sit amet, consectetur adipiscing elit, sed do eiusmod tempor incidunt","breadcrumb":{"@id":"https:\/\/www.capsun-evia.com\/fr\/page\/#breadcrumb"},"inLanguage":"fr-FR","potentialAction":[{"@type":"ReadAction","target":["https:\/\/www.capsun-evia.com\/fr\/page\/"]}]},{"@type":"BreadcrumbList","@id":"https:\/\/www.capsun-evia.com\/fr\/page\/#breadcrumb","itemListElement":[{"@type":"ListItem","position":1,"name":"Home","item":"https:\/\/www.capsun-evia.com\/fr\/capsun-evia\/"},{"@type":"ListItem","position":2,"name":"Page"}]},{"@type":"WebSite","@id":"https:\/\/www.capsun-evia.com\/fr\/#website","url":"https:\/\/www.capsun-evia.com\/fr\/","name":"CapSun Evia","description":"Real Estate in Evia island.","publisher":{"@id":"https:\/\/www.capsun-evia.com\/fr\/#organization"},"alternateName":"Cap'Sun Eretria","potentialAction":[{"@type":"SearchAction","target":{"@type":"EntryPoint","urlTemplate":"https:\/\/www.capsun-evia.com\/fr\/?s={search_term_string}"},"query-input":{"@type":"PropertyValueSpecification","valueRequired":true,"valueName":"search_term_string"}}],"inLanguage":"fr-FR"},{"@type":"Organization","@id":"https:\/\/www.capsun-evia.com\/fr\/#organization","name":"Cap'Sun Eretria","alternateName":"Cap'Sun Eretria","url":"https:\/\/www.capsun-evia.com\/fr\/","logo":{"@type":"ImageObject","inLanguage":"fr-FR","@id":"https:\/\/www.capsun-evia.com\/fr\/#\/schema\/logo\/image\/","url":"https:\/\/www.capsun-evia.com\/wp-content\/uploads\/2023\/06\/logo.jpg","contentUrl":"https:\/\/www.capsun-evia.com\/wp-content\/uploads\/2023\/06\/logo.jpg","width":224,"height":222,"caption":"Cap'Sun Eretria"},"image":{"@id":"https:\/\/www.capsun-evia.com\/fr\/#\/schema\/logo\/image\/"},"sameAs":["https:\/\/www.facebook.com\/CeciliaCapSun","https:\/\/www.instagram.com\/capsuneretria\/"]}]}},"_links":{"self":[{"href":"https:\/\/www.capsun-evia.com\/fr\/wp-json\/wp\/v2\/pages\/21491","targetHints":{"allow":["GET"]}}],"collection":[{"href":"https:\/\/www.capsun-evia.com\/fr\/wp-json\/wp\/v2\/pages"}],"about":[{"href":"https:\/\/www.capsun-evia.com\/fr\/wp-json\/wp\/v2\/types\/page"}],"author":[{"embeddable":true,"href":"https:\/\/www.capsun-evia.com\/fr\/wp-json\/wp\/v2\/users\/1"}],"replies":[{"embeddable":true,"href":"https:\/\/www.capsun-evia.com\/fr\/wp-json\/wp\/v2\/comments?post=21491"}],"version-history":[{"count":1,"href":"https:\/\/www.capsun-evia.com\/fr\/wp-json\/wp\/v2\/pages\/21491\/revisions"}],"predecessor-version":[{"id":21913,"href":"https:\/\/www.capsun-evia.com\/fr\/wp-json\/wp\/v2\/pages\/21491\/revisions\/21913"}],"wp:attachment":[{"href":"https:\/\/www.capsun-evia.com\/fr\/wp-json\/wp\/v2\/media?parent=21491"}],"curies":[{"name":"wp","href":"https:\/\/api.w.org\/{rel}","templated":true}]}}