{"id":21128,"date":"2023-08-30T10:26:43","date_gmt":"2023-08-30T07:26:43","guid":{"rendered":"https:\/\/www.capsun-evia.com\/location-de-vacances\/"},"modified":"2025-12-26T07:51:23","modified_gmt":"2025-12-26T04:51:23","slug":"location-de-vacances","status":"publish","type":"page","link":"https:\/\/www.capsun-evia.com\/fr\/location-de-vacances\/","title":{"rendered":"Location de vacances"},"content":{"rendered":"","protected":false},"excerpt":{"rendered":"","protected":false},"author":1,"featured_media":0,"parent":0,"menu_order":0,"comment_status":"closed","ping_status":"closed","template":"template\/template-listing-grid-v6-fullwidth-4cols.php","meta":{"footnotes":""},"class_list":["post-21128","page","type-page","status-publish","hentry"],"yoast_head":"<!-- This site is optimized with the Yoast SEO plugin v27.3 - https:\/\/yoast.com\/product\/yoast-seo-wordpress\/ -->\n<title>Locations de vacances Evia<\/title>\n<meta name=\"description\" content=\"Louez une location de vacances avec nous et profitez de vacances extraordinaires dans nos propri\u00e9t\u00e9s locatives avec vue sur mer ou situ\u00e9es dans de petits villages.\" \/>\n<meta name=\"robots\" content=\"index, follow, max-snippet:-1, max-image-preview:large, max-video-preview:-1\" \/>\n<link rel=\"canonical\" href=\"https:\/\/www.capsun-evia.com\/fr\/location-de-vacances\/\" \/>\n<meta property=\"og:locale\" content=\"fr_FR\" \/>\n<meta property=\"og:type\" content=\"article\" \/>\n<meta property=\"og:title\" content=\"Locations de vacances Evia\" \/>\n<meta property=\"og:description\" content=\"Louez une location de vacances avec nous et profitez de vacances extraordinaires dans nos propri\u00e9t\u00e9s locatives avec vue sur mer ou situ\u00e9es dans de petits villages.\" \/>\n<meta property=\"og:url\" content=\"https:\/\/www.capsun-evia.com\/fr\/location-de-vacances\/\" \/>\n<meta property=\"og:site_name\" content=\"Cap Sun Evia, Real Estate in Evia\" \/>\n<meta property=\"article:publisher\" content=\"https:\/\/www.facebook.com\/CeciliaCapSun\" \/>\n<meta property=\"article:modified_time\" content=\"2025-12-26T04:51:23+00:00\" \/>\n<meta property=\"og:image\" content=\"https:\/\/www.capsun-evia.com\/wp-content\/uploads\/2023\/06\/cs-2023031-_-Pefki-maison-a-vendre-4.jpg\" \/>\n\t<meta property=\"og:image:width\" content=\"1440\" \/>\n\t<meta property=\"og:image:height\" content=\"648\" \/>\n\t<meta property=\"og:image:type\" content=\"image\/jpeg\" \/>\n<meta name=\"twitter:card\" content=\"summary_large_image\" \/>\n<script type=\"application\/ld+json\" class=\"yoast-schema-graph\">{\"@context\":\"https:\\\/\\\/schema.org\",\"@graph\":[{\"@type\":\"WebPage\",\"@id\":\"https:\\\/\\\/www.capsun-evia.com\\\/fr\\\/location-de-vacances\\\/\",\"url\":\"https:\\\/\\\/www.capsun-evia.com\\\/fr\\\/location-de-vacances\\\/\",\"name\":\"Locations de vacances Evia\",\"isPartOf\":{\"@id\":\"https:\\\/\\\/www.capsun-evia.com\\\/fr\\\/#website\"},\"datePublished\":\"2023-08-30T07:26:43+00:00\",\"dateModified\":\"2025-12-26T04:51:23+00:00\",\"description\":\"Louez une location de vacances avec nous et profitez de vacances extraordinaires dans nos propri\u00e9t\u00e9s locatives avec vue sur mer ou situ\u00e9es dans de petits villages.\",\"breadcrumb\":{\"@id\":\"https:\\\/\\\/www.capsun-evia.com\\\/fr\\\/location-de-vacances\\\/#breadcrumb\"},\"inLanguage\":\"fr-FR\",\"potentialAction\":[{\"@type\":\"ReadAction\",\"target\":[\"https:\\\/\\\/www.capsun-evia.com\\\/fr\\\/location-de-vacances\\\/\"]}]},{\"@type\":\"BreadcrumbList\",\"@id\":\"https:\\\/\\\/www.capsun-evia.com\\\/fr\\\/location-de-vacances\\\/#breadcrumb\",\"itemListElement\":[{\"@type\":\"ListItem\",\"position\":1,\"name\":\"Home\",\"item\":\"https:\\\/\\\/www.capsun-evia.com\\\/fr\\\/capsun-evia\\\/\"},{\"@type\":\"ListItem\",\"position\":2,\"name\":\"Location de vacances\"}]},{\"@type\":\"WebSite\",\"@id\":\"https:\\\/\\\/www.capsun-evia.com\\\/fr\\\/#website\",\"url\":\"https:\\\/\\\/www.capsun-evia.com\\\/fr\\\/\",\"name\":\"CapSun Evia\",\"description\":\"Real Estate in Evia island.\",\"publisher\":{\"@id\":\"https:\\\/\\\/www.capsun-evia.com\\\/fr\\\/#organization\"},\"alternateName\":\"Cap'Sun Eretria\",\"potentialAction\":[{\"@type\":\"SearchAction\",\"target\":{\"@type\":\"EntryPoint\",\"urlTemplate\":\"https:\\\/\\\/www.capsun-evia.com\\\/fr\\\/?s={search_term_string}\"},\"query-input\":{\"@type\":\"PropertyValueSpecification\",\"valueRequired\":true,\"valueName\":\"search_term_string\"}}],\"inLanguage\":\"fr-FR\"},{\"@type\":\"Organization\",\"@id\":\"https:\\\/\\\/www.capsun-evia.com\\\/fr\\\/#organization\",\"name\":\"Cap'Sun Eretria\",\"alternateName\":\"Cap'Sun Eretria\",\"url\":\"https:\\\/\\\/www.capsun-evia.com\\\/fr\\\/\",\"logo\":{\"@type\":\"ImageObject\",\"inLanguage\":\"fr-FR\",\"@id\":\"https:\\\/\\\/www.capsun-evia.com\\\/fr\\\/#\\\/schema\\\/logo\\\/image\\\/\",\"url\":\"https:\\\/\\\/www.capsun-evia.com\\\/wp-content\\\/uploads\\\/2023\\\/06\\\/logo.jpg\",\"contentUrl\":\"https:\\\/\\\/www.capsun-evia.com\\\/wp-content\\\/uploads\\\/2023\\\/06\\\/logo.jpg\",\"width\":224,\"height\":222,\"caption\":\"Cap'Sun Eretria\"},\"image\":{\"@id\":\"https:\\\/\\\/www.capsun-evia.com\\\/fr\\\/#\\\/schema\\\/logo\\\/image\\\/\"},\"sameAs\":[\"https:\\\/\\\/www.facebook.com\\\/CeciliaCapSun\",\"https:\\\/\\\/www.instagram.com\\\/capsuneretria\\\/\"]}]}<\/script>\n<!-- \/ Yoast SEO plugin. -->","yoast_head_json":{"title":"Locations de vacances Evia","description":"Louez une location de vacances avec nous et profitez de vacances extraordinaires dans nos propri\u00e9t\u00e9s locatives avec vue sur mer ou situ\u00e9es dans de petits villages.","robots":{"index":"index","follow":"follow","max-snippet":"max-snippet:-1","max-image-preview":"max-image-preview:large","max-video-preview":"max-video-preview:-1"},"canonical":"https:\/\/www.capsun-evia.com\/fr\/location-de-vacances\/","og_locale":"fr_FR","og_type":"article","og_title":"Locations de vacances Evia","og_description":"Louez une location de vacances avec nous et profitez de vacances extraordinaires dans nos propri\u00e9t\u00e9s locatives avec vue sur mer ou situ\u00e9es dans de petits villages.","og_url":"https:\/\/www.capsun-evia.com\/fr\/location-de-vacances\/","og_site_name":"Cap Sun Evia, Real Estate in Evia","article_publisher":"https:\/\/www.facebook.com\/CeciliaCapSun","article_modified_time":"2025-12-26T04:51:23+00:00","og_image":[{"width":1440,"height":648,"url":"https:\/\/www.capsun-evia.com\/wp-content\/uploads\/2023\/06\/cs-2023031-_-Pefki-maison-a-vendre-4.jpg","type":"image\/jpeg"}],"twitter_card":"summary_large_image","schema":{"@context":"https:\/\/schema.org","@graph":[{"@type":"WebPage","@id":"https:\/\/www.capsun-evia.com\/fr\/location-de-vacances\/","url":"https:\/\/www.capsun-evia.com\/fr\/location-de-vacances\/","name":"Locations de vacances Evia","isPartOf":{"@id":"https:\/\/www.capsun-evia.com\/fr\/#website"},"datePublished":"2023-08-30T07:26:43+00:00","dateModified":"2025-12-26T04:51:23+00:00","description":"Louez une location de vacances avec nous et profitez de vacances extraordinaires dans nos propri\u00e9t\u00e9s locatives avec vue sur mer ou situ\u00e9es dans de petits villages.","breadcrumb":{"@id":"https:\/\/www.capsun-evia.com\/fr\/location-de-vacances\/#breadcrumb"},"inLanguage":"fr-FR","potentialAction":[{"@type":"ReadAction","target":["https:\/\/www.capsun-evia.com\/fr\/location-de-vacances\/"]}]},{"@type":"BreadcrumbList","@id":"https:\/\/www.capsun-evia.com\/fr\/location-de-vacances\/#breadcrumb","itemListElement":[{"@type":"ListItem","position":1,"name":"Home","item":"https:\/\/www.capsun-evia.com\/fr\/capsun-evia\/"},{"@type":"ListItem","position":2,"name":"Location de vacances"}]},{"@type":"WebSite","@id":"https:\/\/www.capsun-evia.com\/fr\/#website","url":"https:\/\/www.capsun-evia.com\/fr\/","name":"CapSun Evia","description":"Real Estate in Evia island.","publisher":{"@id":"https:\/\/www.capsun-evia.com\/fr\/#organization"},"alternateName":"Cap'Sun Eretria","potentialAction":[{"@type":"SearchAction","target":{"@type":"EntryPoint","urlTemplate":"https:\/\/www.capsun-evia.com\/fr\/?s={search_term_string}"},"query-input":{"@type":"PropertyValueSpecification","valueRequired":true,"valueName":"search_term_string"}}],"inLanguage":"fr-FR"},{"@type":"Organization","@id":"https:\/\/www.capsun-evia.com\/fr\/#organization","name":"Cap'Sun Eretria","alternateName":"Cap'Sun Eretria","url":"https:\/\/www.capsun-evia.com\/fr\/","logo":{"@type":"ImageObject","inLanguage":"fr-FR","@id":"https:\/\/www.capsun-evia.com\/fr\/#\/schema\/logo\/image\/","url":"https:\/\/www.capsun-evia.com\/wp-content\/uploads\/2023\/06\/logo.jpg","contentUrl":"https:\/\/www.capsun-evia.com\/wp-content\/uploads\/2023\/06\/logo.jpg","width":224,"height":222,"caption":"Cap'Sun Eretria"},"image":{"@id":"https:\/\/www.capsun-evia.com\/fr\/#\/schema\/logo\/image\/"},"sameAs":["https:\/\/www.facebook.com\/CeciliaCapSun","https:\/\/www.instagram.com\/capsuneretria\/"]}]}},"_links":{"self":[{"href":"https:\/\/www.capsun-evia.com\/fr\/wp-json\/wp\/v2\/pages\/21128","targetHints":{"allow":["GET"]}}],"collection":[{"href":"https:\/\/www.capsun-evia.com\/fr\/wp-json\/wp\/v2\/pages"}],"about":[{"href":"https:\/\/www.capsun-evia.com\/fr\/wp-json\/wp\/v2\/types\/page"}],"author":[{"embeddable":true,"href":"https:\/\/www.capsun-evia.com\/fr\/wp-json\/wp\/v2\/users\/1"}],"replies":[{"embeddable":true,"href":"https:\/\/www.capsun-evia.com\/fr\/wp-json\/wp\/v2\/comments?post=21128"}],"version-history":[{"count":1,"href":"https:\/\/www.capsun-evia.com\/fr\/wp-json\/wp\/v2\/pages\/21128\/revisions"}],"predecessor-version":[{"id":21903,"href":"https:\/\/www.capsun-evia.com\/fr\/wp-json\/wp\/v2\/pages\/21128\/revisions\/21903"}],"wp:attachment":[{"href":"https:\/\/www.capsun-evia.com\/fr\/wp-json\/wp\/v2\/media?parent=21128"}],"curies":[{"name":"wp","href":"https:\/\/api.w.org\/{rel}","templated":true}]}}