{"id":21121,"date":"2024-06-03T10:13:04","date_gmt":"2024-06-03T07:13:04","guid":{"rendered":"https:\/\/www.capsun-evia.com\/transfert-de-laeroport\/"},"modified":"2025-03-10T06:35:32","modified_gmt":"2025-03-10T03:35:32","slug":"transfert-de-laeroport","status":"publish","type":"page","link":"https:\/\/www.capsun-evia.com\/fr\/services\/transfert-de-laeroport\/","title":{"rendered":"Transfert de l&#8217;a\u00e9roport"},"content":{"rendered":"<body>\n<p>Nous assurons \u00e9galement les transferts a\u00e9roportuaires vers Eub\u00e9e. Prix attractifs.   <\/p>\n\n<p>Pour un transfert rapide et confortable de l\u2019a\u00e9roport d\u2019Ath\u00e8nes jusqu\u2019\u00e0 votre destination finale, r\u00e9servez un transfert a\u00e9roport avec nous. Cap Sun offre un service de transfert a\u00e9roportuaire de premi\u00e8re classe \u00e0 un prix abordable et se targue d\u2019un service client\u00e8le 24h\/24 et 7j\/7 ainsi que d\u2019une politique d\u2019annulation sans frais. <\/p>\n\n<p>Voyager \u00e0 partir d\u2019un a\u00e9roport peut souvent s\u2019av\u00e9rer fastidieux et impliquer des files d\u2019attente inutiles dans les stations de taxis, les gares ferroviaires et les gares routi\u00e8res. Cela peut \u00eatre particuli\u00e8rement stressant si vous sortez d\u2019un long vol, si vous voyagez avec des bagages lourds ou si vous \u00eates accompagn\u00e9 d\u2019enfants en bas \u00e2ge. La r\u00e9servation d\u2019un transfert a\u00e9roportuaire \u00e9limine tout cela.  <\/p>\n\n<p>Lorsque vous r\u00e9servez avec Cap Sun, votre chauffeur vous accueillera aux arriv\u00e9es. Si votre vol est retard\u00e9, ne vous inqui\u00e9tez pas. Nous suivons les vols de nos passagers, ce qui nous permet de garantir que quelqu\u2019un vous attendra toujours. De l\u00e0, il prendra vos bagages et vous guidera jusqu\u2019\u00e0 votre v\u00e9hicule pr\u00e9-r\u00e9serv\u00e9 o\u00f9 vous pourrez vous d\u00e9tendre sur le si\u00e8ge arri\u00e8re pendant que vous serez conduit jusqu\u2019\u00e0 votre destination finale.   <\/p>\n\n<figure class=\"wp-block-image size-full\"><img loading=\"lazy\" decoding=\"async\" width=\"1024\" height=\"519\" src=\"https:\/\/capsun-evia.com\/wp-content\/uploads\/2024\/07\/transfer.jpg\" alt=\"Transfert \u00e0 l'a\u00e9roport\" class=\"wp-image-18844\" loading=\"lazy\" srcset=\"https:\/\/www.capsun-evia.com\/wp-content\/uploads\/2024\/07\/transfer.jpg 1024w, https:\/\/www.capsun-evia.com\/wp-content\/uploads\/2024\/07\/transfer-300x152.jpg 300w, https:\/\/www.capsun-evia.com\/wp-content\/uploads\/2024\/07\/transfer-768x389.jpg 768w, https:\/\/www.capsun-evia.com\/wp-content\/uploads\/2024\/07\/transfer-496x251.jpg 496w\" sizes=\"auto, (max-width: 1024px) 100vw, 1024px\" \/><\/figure>\n<\/body>","protected":false},"excerpt":{"rendered":"<p>Nous assurons \u00e9galement les transferts a\u00e9roportuaires vers Eub\u00e9e. Prix attractifs. Pour un transfert rapide et confortable de l\u2019a\u00e9roport d\u2019Ath\u00e8nes jusqu\u2019\u00e0 votre destination finale, r\u00e9servez un transfert a\u00e9roport avec nous. Cap Sun offre un service de transfert a\u00e9roportuaire de premi\u00e8re classe \u00e0 un prix abordable et se targue d\u2019un service client\u00e8le 24h\/24 et 7j\/7 ainsi que [&hellip;]<\/p>\n","protected":false},"author":1,"featured_media":20627,"parent":21513,"menu_order":0,"comment_status":"closed","ping_status":"closed","template":"","meta":{"footnotes":""},"class_list":["post-21121","page","type-page","status-publish","has-post-thumbnail","hentry"],"yoast_head":"<!-- This site is optimized with the Yoast SEO plugin v27.3 - https:\/\/yoast.com\/product\/yoast-seo-wordpress\/ -->\n<title>Transfert de l&#039;a\u00e9roport<\/title>\n<meta name=\"description\" content=\"Nous assurons \u00e9galement les transferts a\u00e9roportuaires vers Eub\u00e9e. Prix attractifs. Pour un transfert rapide et confortable de l&#039;a\u00e9roport d&#039;Ath\u00e8nes jusqu&#039;\u00e0\" \/>\n<meta name=\"robots\" content=\"index, follow, max-snippet:-1, max-image-preview:large, max-video-preview:-1\" \/>\n<link rel=\"canonical\" href=\"https:\/\/www.capsun-evia.com\/fr\/services\/transfert-de-laeroport\/\" \/>\n<meta property=\"og:locale\" content=\"fr_FR\" \/>\n<meta property=\"og:type\" content=\"article\" \/>\n<meta property=\"og:title\" content=\"Transfert de l&#039;a\u00e9roport\" \/>\n<meta property=\"og:description\" content=\"Nous assurons \u00e9galement les transferts a\u00e9roportuaires vers Eub\u00e9e. Prix attractifs. Pour un transfert rapide et confortable de l&#039;a\u00e9roport d&#039;Ath\u00e8nes jusqu&#039;\u00e0\" \/>\n<meta property=\"og:url\" content=\"https:\/\/www.capsun-evia.com\/fr\/services\/transfert-de-laeroport\/\" \/>\n<meta property=\"og:site_name\" content=\"Cap Sun Evia, Real Estate in Evia\" \/>\n<meta property=\"article:publisher\" content=\"https:\/\/www.facebook.com\/CeciliaCapSun\" \/>\n<meta property=\"article:modified_time\" content=\"2025-03-10T03:35:32+00:00\" \/>\n<meta property=\"og:image\" content=\"https:\/\/i0.wp.com\/www.capsun-evia.com\/wp-content\/uploads\/2024\/06\/plane.jpg?fit=1280%2C711&ssl=1\" \/>\n\t<meta property=\"og:image:width\" content=\"1280\" \/>\n\t<meta property=\"og:image:height\" content=\"711\" \/>\n\t<meta property=\"og:image:type\" content=\"image\/jpeg\" \/>\n<meta name=\"twitter:card\" content=\"summary_large_image\" \/>\n<meta name=\"twitter:label1\" content=\"Dur\u00e9e de lecture estim\u00e9e\" \/>\n\t<meta name=\"twitter:data1\" content=\"1 minute\" \/>\n<script type=\"application\/ld+json\" class=\"yoast-schema-graph\">{\"@context\":\"https:\\\/\\\/schema.org\",\"@graph\":[{\"@type\":\"WebPage\",\"@id\":\"https:\\\/\\\/www.capsun-evia.com\\\/fr\\\/services\\\/transfert-de-laeroport\\\/\",\"url\":\"https:\\\/\\\/www.capsun-evia.com\\\/fr\\\/services\\\/transfert-de-laeroport\\\/\",\"name\":\"Transfert de l'a\u00e9roport\",\"isPartOf\":{\"@id\":\"https:\\\/\\\/www.capsun-evia.com\\\/fr\\\/#website\"},\"primaryImageOfPage\":{\"@id\":\"https:\\\/\\\/www.capsun-evia.com\\\/fr\\\/services\\\/transfert-de-laeroport\\\/#primaryimage\"},\"image\":{\"@id\":\"https:\\\/\\\/www.capsun-evia.com\\\/fr\\\/services\\\/transfert-de-laeroport\\\/#primaryimage\"},\"thumbnailUrl\":\"https:\\\/\\\/www.capsun-evia.com\\\/wp-content\\\/uploads\\\/2024\\\/06\\\/plane.jpg\",\"datePublished\":\"2024-06-03T07:13:04+00:00\",\"dateModified\":\"2025-03-10T03:35:32+00:00\",\"description\":\"Nous assurons \u00e9galement les transferts a\u00e9roportuaires vers Eub\u00e9e. Prix attractifs. Pour un transfert rapide et confortable de l'a\u00e9roport d'Ath\u00e8nes jusqu'\u00e0\",\"breadcrumb\":{\"@id\":\"https:\\\/\\\/www.capsun-evia.com\\\/fr\\\/services\\\/transfert-de-laeroport\\\/#breadcrumb\"},\"inLanguage\":\"fr-FR\",\"potentialAction\":[{\"@type\":\"ReadAction\",\"target\":[\"https:\\\/\\\/www.capsun-evia.com\\\/fr\\\/services\\\/transfert-de-laeroport\\\/\"]}]},{\"@type\":\"ImageObject\",\"inLanguage\":\"fr-FR\",\"@id\":\"https:\\\/\\\/www.capsun-evia.com\\\/fr\\\/services\\\/transfert-de-laeroport\\\/#primaryimage\",\"url\":\"https:\\\/\\\/www.capsun-evia.com\\\/wp-content\\\/uploads\\\/2024\\\/06\\\/plane.jpg\",\"contentUrl\":\"https:\\\/\\\/www.capsun-evia.com\\\/wp-content\\\/uploads\\\/2024\\\/06\\\/plane.jpg\",\"width\":1280,\"height\":711},{\"@type\":\"BreadcrumbList\",\"@id\":\"https:\\\/\\\/www.capsun-evia.com\\\/fr\\\/services\\\/transfert-de-laeroport\\\/#breadcrumb\",\"itemListElement\":[{\"@type\":\"ListItem\",\"position\":1,\"name\":\"Home\",\"item\":\"https:\\\/\\\/www.capsun-evia.com\\\/fr\\\/capsun-evia\\\/\"},{\"@type\":\"ListItem\",\"position\":2,\"name\":\"Services\",\"item\":\"https:\\\/\\\/www.capsun-evia.com\\\/fr\\\/services\\\/\"},{\"@type\":\"ListItem\",\"position\":3,\"name\":\"Transfert de l&#8217;a\u00e9roport\"}]},{\"@type\":\"WebSite\",\"@id\":\"https:\\\/\\\/www.capsun-evia.com\\\/fr\\\/#website\",\"url\":\"https:\\\/\\\/www.capsun-evia.com\\\/fr\\\/\",\"name\":\"CapSun Evia\",\"description\":\"Real Estate in Evia island.\",\"publisher\":{\"@id\":\"https:\\\/\\\/www.capsun-evia.com\\\/fr\\\/#organization\"},\"alternateName\":\"Cap'Sun Eretria\",\"potentialAction\":[{\"@type\":\"SearchAction\",\"target\":{\"@type\":\"EntryPoint\",\"urlTemplate\":\"https:\\\/\\\/www.capsun-evia.com\\\/fr\\\/?s={search_term_string}\"},\"query-input\":{\"@type\":\"PropertyValueSpecification\",\"valueRequired\":true,\"valueName\":\"search_term_string\"}}],\"inLanguage\":\"fr-FR\"},{\"@type\":\"Organization\",\"@id\":\"https:\\\/\\\/www.capsun-evia.com\\\/fr\\\/#organization\",\"name\":\"Cap'Sun Eretria\",\"alternateName\":\"Cap'Sun Eretria\",\"url\":\"https:\\\/\\\/www.capsun-evia.com\\\/fr\\\/\",\"logo\":{\"@type\":\"ImageObject\",\"inLanguage\":\"fr-FR\",\"@id\":\"https:\\\/\\\/www.capsun-evia.com\\\/fr\\\/#\\\/schema\\\/logo\\\/image\\\/\",\"url\":\"https:\\\/\\\/www.capsun-evia.com\\\/wp-content\\\/uploads\\\/2023\\\/06\\\/logo.jpg\",\"contentUrl\":\"https:\\\/\\\/www.capsun-evia.com\\\/wp-content\\\/uploads\\\/2023\\\/06\\\/logo.jpg\",\"width\":224,\"height\":222,\"caption\":\"Cap'Sun Eretria\"},\"image\":{\"@id\":\"https:\\\/\\\/www.capsun-evia.com\\\/fr\\\/#\\\/schema\\\/logo\\\/image\\\/\"},\"sameAs\":[\"https:\\\/\\\/www.facebook.com\\\/CeciliaCapSun\",\"https:\\\/\\\/www.instagram.com\\\/capsuneretria\\\/\"]}]}<\/script>\n<!-- \/ Yoast SEO plugin. -->","yoast_head_json":{"title":"Transfert de l'a\u00e9roport","description":"Nous assurons \u00e9galement les transferts a\u00e9roportuaires vers Eub\u00e9e. Prix attractifs. Pour un transfert rapide et confortable de l'a\u00e9roport d'Ath\u00e8nes jusqu'\u00e0","robots":{"index":"index","follow":"follow","max-snippet":"max-snippet:-1","max-image-preview":"max-image-preview:large","max-video-preview":"max-video-preview:-1"},"canonical":"https:\/\/www.capsun-evia.com\/fr\/services\/transfert-de-laeroport\/","og_locale":"fr_FR","og_type":"article","og_title":"Transfert de l'a\u00e9roport","og_description":"Nous assurons \u00e9galement les transferts a\u00e9roportuaires vers Eub\u00e9e. Prix attractifs. Pour un transfert rapide et confortable de l'a\u00e9roport d'Ath\u00e8nes jusqu'\u00e0","og_url":"https:\/\/www.capsun-evia.com\/fr\/services\/transfert-de-laeroport\/","og_site_name":"Cap Sun Evia, Real Estate in Evia","article_publisher":"https:\/\/www.facebook.com\/CeciliaCapSun","article_modified_time":"2025-03-10T03:35:32+00:00","og_image":[{"width":1280,"height":711,"url":"https:\/\/i0.wp.com\/www.capsun-evia.com\/wp-content\/uploads\/2024\/06\/plane.jpg?fit=1280%2C711&ssl=1","type":"image\/jpeg"}],"twitter_card":"summary_large_image","twitter_misc":{"Dur\u00e9e de lecture estim\u00e9e":"1 minute"},"schema":{"@context":"https:\/\/schema.org","@graph":[{"@type":"WebPage","@id":"https:\/\/www.capsun-evia.com\/fr\/services\/transfert-de-laeroport\/","url":"https:\/\/www.capsun-evia.com\/fr\/services\/transfert-de-laeroport\/","name":"Transfert de l'a\u00e9roport","isPartOf":{"@id":"https:\/\/www.capsun-evia.com\/fr\/#website"},"primaryImageOfPage":{"@id":"https:\/\/www.capsun-evia.com\/fr\/services\/transfert-de-laeroport\/#primaryimage"},"image":{"@id":"https:\/\/www.capsun-evia.com\/fr\/services\/transfert-de-laeroport\/#primaryimage"},"thumbnailUrl":"https:\/\/www.capsun-evia.com\/wp-content\/uploads\/2024\/06\/plane.jpg","datePublished":"2024-06-03T07:13:04+00:00","dateModified":"2025-03-10T03:35:32+00:00","description":"Nous assurons \u00e9galement les transferts a\u00e9roportuaires vers Eub\u00e9e. Prix attractifs. Pour un transfert rapide et confortable de l'a\u00e9roport d'Ath\u00e8nes jusqu'\u00e0","breadcrumb":{"@id":"https:\/\/www.capsun-evia.com\/fr\/services\/transfert-de-laeroport\/#breadcrumb"},"inLanguage":"fr-FR","potentialAction":[{"@type":"ReadAction","target":["https:\/\/www.capsun-evia.com\/fr\/services\/transfert-de-laeroport\/"]}]},{"@type":"ImageObject","inLanguage":"fr-FR","@id":"https:\/\/www.capsun-evia.com\/fr\/services\/transfert-de-laeroport\/#primaryimage","url":"https:\/\/www.capsun-evia.com\/wp-content\/uploads\/2024\/06\/plane.jpg","contentUrl":"https:\/\/www.capsun-evia.com\/wp-content\/uploads\/2024\/06\/plane.jpg","width":1280,"height":711},{"@type":"BreadcrumbList","@id":"https:\/\/www.capsun-evia.com\/fr\/services\/transfert-de-laeroport\/#breadcrumb","itemListElement":[{"@type":"ListItem","position":1,"name":"Home","item":"https:\/\/www.capsun-evia.com\/fr\/capsun-evia\/"},{"@type":"ListItem","position":2,"name":"Services","item":"https:\/\/www.capsun-evia.com\/fr\/services\/"},{"@type":"ListItem","position":3,"name":"Transfert de l&#8217;a\u00e9roport"}]},{"@type":"WebSite","@id":"https:\/\/www.capsun-evia.com\/fr\/#website","url":"https:\/\/www.capsun-evia.com\/fr\/","name":"CapSun Evia","description":"Real Estate in Evia island.","publisher":{"@id":"https:\/\/www.capsun-evia.com\/fr\/#organization"},"alternateName":"Cap'Sun Eretria","potentialAction":[{"@type":"SearchAction","target":{"@type":"EntryPoint","urlTemplate":"https:\/\/www.capsun-evia.com\/fr\/?s={search_term_string}"},"query-input":{"@type":"PropertyValueSpecification","valueRequired":true,"valueName":"search_term_string"}}],"inLanguage":"fr-FR"},{"@type":"Organization","@id":"https:\/\/www.capsun-evia.com\/fr\/#organization","name":"Cap'Sun Eretria","alternateName":"Cap'Sun Eretria","url":"https:\/\/www.capsun-evia.com\/fr\/","logo":{"@type":"ImageObject","inLanguage":"fr-FR","@id":"https:\/\/www.capsun-evia.com\/fr\/#\/schema\/logo\/image\/","url":"https:\/\/www.capsun-evia.com\/wp-content\/uploads\/2023\/06\/logo.jpg","contentUrl":"https:\/\/www.capsun-evia.com\/wp-content\/uploads\/2023\/06\/logo.jpg","width":224,"height":222,"caption":"Cap'Sun Eretria"},"image":{"@id":"https:\/\/www.capsun-evia.com\/fr\/#\/schema\/logo\/image\/"},"sameAs":["https:\/\/www.facebook.com\/CeciliaCapSun","https:\/\/www.instagram.com\/capsuneretria\/"]}]}},"_links":{"self":[{"href":"https:\/\/www.capsun-evia.com\/fr\/wp-json\/wp\/v2\/pages\/21121","targetHints":{"allow":["GET"]}}],"collection":[{"href":"https:\/\/www.capsun-evia.com\/fr\/wp-json\/wp\/v2\/pages"}],"about":[{"href":"https:\/\/www.capsun-evia.com\/fr\/wp-json\/wp\/v2\/types\/page"}],"author":[{"embeddable":true,"href":"https:\/\/www.capsun-evia.com\/fr\/wp-json\/wp\/v2\/users\/1"}],"replies":[{"embeddable":true,"href":"https:\/\/www.capsun-evia.com\/fr\/wp-json\/wp\/v2\/comments?post=21121"}],"version-history":[{"count":1,"href":"https:\/\/www.capsun-evia.com\/fr\/wp-json\/wp\/v2\/pages\/21121\/revisions"}],"predecessor-version":[{"id":21123,"href":"https:\/\/www.capsun-evia.com\/fr\/wp-json\/wp\/v2\/pages\/21121\/revisions\/21123"}],"up":[{"embeddable":true,"href":"https:\/\/www.capsun-evia.com\/fr\/wp-json\/wp\/v2\/pages\/21513"}],"wp:featuredmedia":[{"embeddable":true,"href":"https:\/\/www.capsun-evia.com\/fr\/wp-json\/wp\/v2\/media\/20627"}],"wp:attachment":[{"href":"https:\/\/www.capsun-evia.com\/fr\/wp-json\/wp\/v2\/media?parent=21121"}],"curies":[{"name":"wp","href":"https:\/\/api.w.org\/{rel}","templated":true}]}}